{"id":1475,"date":"2026-03-04T11:57:52","date_gmt":"2026-03-04T11:57:52","guid":{"rendered":"https:\/\/gapres.pt\/aeroports\/"},"modified":"2026-03-17T10:40:52","modified_gmt":"2026-03-17T10:40:52","slug":"aeroports","status":"publish","type":"page","link":"https:\/\/gapres.pt\/fr\/aeroports\/","title":{"rendered":"A\u00e9roports"},"content":{"rendered":"\t\t<div data-elementor-type=\"wp-page\" data-elementor-id=\"1475\" class=\"elementor elementor-1475 elementor-721\" data-elementor-post-type=\"page\">\n\t\t\t\t<div class=\"elementor-element elementor-element-94a3bcd e-flex e-con-boxed e-con e-parent\" data-id=\"94a3bcd\" data-element_type=\"container\" data-e-type=\"container\" data-settings=\"{&quot;background_background&quot;:&quot;classic&quot;}\">\n\t\t\t\t\t<div class=\"e-con-inner\">\n\t\t<div class=\"elementor-element elementor-element-afc2635 e-con-full e-flex e-con e-child\" data-id=\"afc2635\" data-element_type=\"container\" data-e-type=\"container\">\n\t\t<div class=\"elementor-element elementor-element-cb50015 e-con-full e-flex e-con e-child\" data-id=\"cb50015\" data-element_type=\"container\" data-e-type=\"container\" data-settings=\"{&quot;background_background&quot;:&quot;classic&quot;}\">\n\t\t\t\t<div class=\"elementor-element elementor-element-667da48 elementor-widget elementor-widget-heading\" data-id=\"667da48\" data-element_type=\"widget\" data-e-type=\"widget\" data-widget_type=\"heading.default\">\n\t\t\t\t\t<h1 class=\"elementor-heading-title elementor-size-default\">A\u00e9roports<\/h1>\t\t\t\t<\/div>\n\t\t\t\t<\/div>\n\t\t<div class=\"elementor-element elementor-element-1030030 e-con-full e-flex e-con e-child\" data-id=\"1030030\" data-element_type=\"container\" data-e-type=\"container\">\n\t\t\t\t<div class=\"elementor-element elementor-element-089cb9c elementor-widget elementor-widget-text-editor\" data-id=\"089cb9c\" data-element_type=\"widget\" data-e-type=\"widget\" data-widget_type=\"text-editor.default\">\n\t\t\t\t\t\t\t\t\t<p>Projets ding\u00e9nierie pour les infrastructures a\u00e9roportuaires, d\u00e9velopp\u00e9s selon des normes \u00e9lev\u00e9es de s\u00e9curit\u00e9, de performance structurelle et dexigence technique.<\/p>\t\t\t\t\t\t\t\t<\/div>\n\t\t\t\t<\/div>\n\t\t\t\t<\/div>\n\t\t\t\t\t<\/div>\n\t\t\t\t<\/div>\n\t\t<div class=\"elementor-element elementor-element-e280352 e-flex e-con-boxed e-con e-parent\" data-id=\"e280352\" data-element_type=\"container\" data-e-type=\"container\">\n\t\t\t\t\t<div class=\"e-con-inner\">\n\t\t<div class=\"elementor-element elementor-element-770d8e3 e-con-full e-flex e-con e-child\" data-id=\"770d8e3\" data-element_type=\"container\" data-e-type=\"container\">\n\t\t<div class=\"elementor-element elementor-element-89cc11f e-con-full e-flex e-con e-child\" data-id=\"89cc11f\" data-element_type=\"container\" data-e-type=\"container\">\n\t\t<div class=\"elementor-element elementor-element-3d36377 e-con-full e-flex e-con e-child\" data-id=\"3d36377\" data-element_type=\"container\" data-e-type=\"container\">\n\t\t\t\t<div class=\"elementor-element elementor-element-e19f778 elementor-grid-3 elementor-grid-tablet-2 elementor-grid-mobile-1 elementor-widget elementor-widget-loop-grid\" data-id=\"e19f778\" data-element_type=\"widget\" data-e-type=\"widget\" data-settings=\"{&quot;template_id&quot;:1199,&quot;_skin&quot;:&quot;post&quot;,&quot;columns&quot;:&quot;3&quot;,&quot;columns_tablet&quot;:&quot;2&quot;,&quot;columns_mobile&quot;:&quot;1&quot;,&quot;edit_handle_selector&quot;:&quot;[data-elementor-type=\\&quot;loop-item\\&quot;]&quot;,&quot;row_gap&quot;:{&quot;unit&quot;:&quot;px&quot;,&quot;size&quot;:&quot;&quot;,&quot;sizes&quot;:[]},&quot;row_gap_tablet&quot;:{&quot;unit&quot;:&quot;px&quot;,&quot;size&quot;:&quot;&quot;,&quot;sizes&quot;:[]},&quot;row_gap_mobile&quot;:{&quot;unit&quot;:&quot;px&quot;,&quot;size&quot;:&quot;&quot;,&quot;sizes&quot;:[]}}\" data-widget_type=\"loop-grid.post\">\n\t\t\t\t<div class=\"elementor-widget-container\">\n\t\t\t\t\t\t\t<div class=\"elementor-loop-container elementor-grid\" role=\"list\">\n\t\t<style id=\"loop-dynamic-1199\">.e-loop-item-1896 .elementor-element.elementor-element-273f2e3:not(.elementor-motion-effects-element-type-background), .e-loop-item-1896 .elementor-element.elementor-element-273f2e3 > .elementor-motion-effects-container > .elementor-motion-effects-layer{background-image:url(\"https:\/\/gapres.pt\/wp-content\/uploads\/2026\/03\/P1237-1.webp\");}<\/style><style id=\"loop-1199\">.elementor-1199 .elementor-element.elementor-element-4ee1fe2{--display:flex;--flex-direction:column;--container-widget-width:100%;--container-widget-height:initial;--container-widget-flex-grow:0;--container-widget-align-self:initial;--flex-wrap-mobile:wrap;}.elementor-1199 .elementor-element.elementor-element-273f2e3{--display:flex;--min-height:500px;--justify-content:flex-end;--gap:15px 15px;--row-gap:15px;--column-gap:15px;--overlay-opacity:0.65;--padding-top:30px;--padding-bottom:30px;--padding-left:30px;--padding-right:30px;}.elementor-1199 .elementor-element.elementor-element-273f2e3:not(.elementor-motion-effects-element-type-background), .elementor-1199 .elementor-element.elementor-element-273f2e3 > .elementor-motion-effects-container > .elementor-motion-effects-layer{background-repeat:no-repeat;background-size:cover;}.elementor-1199 .elementor-element.elementor-element-273f2e3::before, .elementor-1199 .elementor-element.elementor-element-273f2e3 > .elementor-background-video-container::before, .elementor-1199 .elementor-element.elementor-element-273f2e3 > .e-con-inner > .elementor-background-video-container::before, .elementor-1199 .elementor-element.elementor-element-273f2e3 > .elementor-background-slideshow::before, .elementor-1199 .elementor-element.elementor-element-273f2e3 > .e-con-inner > .elementor-background-slideshow::before, .elementor-1199 .elementor-element.elementor-element-273f2e3 > .elementor-motion-effects-container > .elementor-motion-effects-layer::before{--background-overlay:'';background-color:transparent;background-image:linear-gradient(180deg, #001F6500 0%, var( --e-global-color-accent ) 100%);}.elementor-1199 .elementor-element.elementor-element-273f2e3:hover::before, .elementor-1199 .elementor-element.elementor-element-273f2e3:hover > .elementor-background-video-container::before, .elementor-1199 .elementor-element.elementor-element-273f2e3:hover > .e-con-inner > .elementor-background-video-container::before, .elementor-1199 .elementor-element.elementor-element-273f2e3 > .elementor-background-slideshow:hover::before, .elementor-1199 .elementor-element.elementor-element-273f2e3 > .e-con-inner > .elementor-background-slideshow:hover::before{--background-overlay:'';}.elementor-1199 .elementor-element.elementor-element-273f2e3:hover{--overlay-opacity:0.47;}.elementor-1199 .elementor-element.elementor-element-273f2e3, .elementor-1199 .elementor-element.elementor-element-273f2e3::before{--overlay-transition:0.5s;}.elementor-widget-divider{--divider-color:var( --e-global-color-secondary );}.elementor-widget-divider .elementor-divider__text{color:var( --e-global-color-secondary );font-family:var( --e-global-typography-secondary-font-family ), Sans-serif;font-weight:var( --e-global-typography-secondary-font-weight );}.elementor-widget-divider.elementor-view-stacked .elementor-icon{background-color:var( --e-global-color-secondary );}.elementor-widget-divider.elementor-view-framed .elementor-icon, .elementor-widget-divider.elementor-view-default .elementor-icon{color:var( --e-global-color-secondary );border-color:var( --e-global-color-secondary );}.elementor-widget-divider.elementor-view-framed .elementor-icon, .elementor-widget-divider.elementor-view-default .elementor-icon svg{fill:var( --e-global-color-secondary );}.elementor-1199 .elementor-element.elementor-element-62cc930{--divider-border-style:solid;--divider-color:var( --e-global-color-eaa626e );--divider-border-width:1px;}.elementor-1199 .elementor-element.elementor-element-62cc930 .elementor-divider-separator{width:100%;}.elementor-1199 .elementor-element.elementor-element-62cc930 .elementor-divider{padding-block-start:2px;padding-block-end:2px;}.elementor-1199 .elementor-element.elementor-element-753e6d9{--display:flex;--flex-direction:row;--container-widget-width:calc( ( 1 - var( --container-widget-flex-grow ) ) * 100% );--container-widget-height:100%;--container-widget-flex-grow:1;--container-widget-align-self:stretch;--flex-wrap-mobile:wrap;--justify-content:space-between;--align-items:center;--padding-top:0px;--padding-bottom:0px;--padding-left:0px;--padding-right:0px;}.elementor-widget-heading .elementor-heading-title{font-family:var( --e-global-typography-primary-font-family ), Sans-serif;font-weight:var( --e-global-typography-primary-font-weight );color:var( --e-global-color-primary );}.elementor-1199 .elementor-element.elementor-element-951b7ef .elementor-heading-title{font-family:\"Aptos\", Sans-serif;font-size:16px;font-weight:200;line-height:25px;color:var( --e-global-color-eaa626e );}.elementor-1199 .elementor-element.elementor-element-951b7ef{width:var( --container-widget-width, 81% );max-width:81%;--container-widget-width:81%;--container-widget-flex-grow:0;}.elementor-1199 .elementor-element.elementor-element-951b7ef.elementor-element{--flex-grow:0;--flex-shrink:0;}.elementor-widget-button .elementor-button{font-family:var( --e-global-typography-accent-font-family ), Sans-serif;font-weight:var( --e-global-typography-accent-font-weight );background-color:var( --e-global-color-accent );}.elementor-1199 .elementor-element.elementor-element-8a0fc68 .elementor-button{font-family:\"Aptos\", Sans-serif;font-size:38px;font-weight:500;background-color:#001F6500;border-style:solid;border-width:1px 1px 1px 1px;border-color:var( --e-global-color-eaa626e );border-radius:25px 25px 25px 25px;padding:1px 1px 1px 1px;}.elementor-1199 .elementor-element.elementor-element-8a0fc68 .elementor-button:hover, .elementor-1199 .elementor-element.elementor-element-8a0fc68 .elementor-button:focus{color:var( --e-global-color-accent );background-color:#FFFFFF00;}.elementor-1199 .elementor-element.elementor-element-8a0fc68 .elementor-button:hover svg, .elementor-1199 .elementor-element.elementor-element-8a0fc68 .elementor-button:focus svg{fill:var( --e-global-color-accent );}.elementor-1199 .elementor-element.elementor-element-8a0fc68{margin:0px 0px calc(var(--kit-widget-spacing, 0px) + 0px) 0px;}.elementor-1199 .elementor-element.elementor-element-8a0fc68.elementor-element{--align-self:flex-end;}@media(max-width:767px){.elementor-1199 .elementor-element.elementor-element-273f2e3{--min-height:390px;--padding-top:10px;--padding-bottom:10px;--padding-left:10px;--padding-right:10px;}.elementor-1199 .elementor-element.elementor-element-951b7ef{--container-widget-width:76%;--container-widget-flex-grow:0;width:var( --container-widget-width, 76% );max-width:76%;}}@media(min-width:768px){.elementor-1199 .elementor-element.elementor-element-273f2e3{--width:400px;}.elementor-1199 .elementor-element.elementor-element-753e6d9{--width:100%;}}<\/style>\t\t<div data-elementor-type=\"loop-item\" data-elementor-id=\"1199\" class=\"elementor elementor-1199 elementor-654 elementor-654 e-loop-item e-loop-item-1896 post-1896 projetos type-projetos status-publish hentry categoria-aeroports\" data-elementor-post-type=\"elementor_library\" data-custom-edit-handle=\"1\">\n\t\t\t<div class=\"elementor-element elementor-element-4ee1fe2 e-flex e-con-boxed e-con e-parent\" data-id=\"4ee1fe2\" data-element_type=\"container\" data-e-type=\"container\">\n\t\t\t\t\t<div class=\"e-con-inner\">\n\t\t<div class=\"elementor-element elementor-element-273f2e3 e-con-full e-flex e-con e-child\" data-id=\"273f2e3\" data-element_type=\"container\" data-e-type=\"container\" data-settings=\"{&quot;background_background&quot;:&quot;classic&quot;}\">\n\t\t\t\t<div class=\"elementor-element elementor-element-62cc930 elementor-widget-divider--view-line elementor-widget elementor-widget-divider\" data-id=\"62cc930\" data-element_type=\"widget\" data-e-type=\"widget\" data-widget_type=\"divider.default\">\n\t\t\t\t\t\t\t<div class=\"elementor-divider\">\n\t\t\t<span class=\"elementor-divider-separator\">\n\t\t\t\t\t\t<\/span>\n\t\t<\/div>\n\t\t\t\t\t\t<\/div>\n\t\t<div class=\"elementor-element elementor-element-753e6d9 e-con-full e-flex e-con e-child\" data-id=\"753e6d9\" data-element_type=\"container\" data-e-type=\"container\">\n\t\t\t\t<div class=\"elementor-element elementor-element-951b7ef elementor-widget__width-initial elementor-widget elementor-widget-heading\" data-id=\"951b7ef\" data-element_type=\"widget\" data-e-type=\"widget\" data-widget_type=\"heading.default\">\n\t\t\t\t\t<p class=\"elementor-heading-title elementor-size-default\">NAER  NOVO AEROPORTO, S.A.  TUDE DANALYSE DU BRUIT DE LAROPORT DE PORTELA, PORTELA<\/p>\t\t\t\t<\/div>\n\t\t\t\t<div class=\"elementor-element elementor-element-8a0fc68 elementor-widget elementor-widget-button\" data-id=\"8a0fc68\" data-element_type=\"widget\" data-e-type=\"widget\" data-widget_type=\"button.default\">\n\t\t\t\t\t\t\t\t\t\t<a class=\"elementor-button elementor-button-link elementor-size-sm\" href=\"https:\/\/gapres.pt\/fr\/projects\/p1237-naer-novo-aeroporto-s-a-tude-danalyse-du-bruit-de-laroport-de-portela-portela\/\">\n\t\t\t\t\t\t<span class=\"elementor-button-content-wrapper\">\n\t\t\t\t\t\t<span class=\"elementor-button-icon\">\n\t\t\t\t<svg xmlns=\"http:\/\/www.w3.org\/2000\/svg\" width=\"800px\" height=\"800px\" viewBox=\"0 0 24 24\" fill=\"none\"><path d=\"M7 17L17 7M17 7H8M17 7V16\" stroke=\"#ffffff\" stroke-width=\"2\" stroke-linecap=\"round\" stroke-linejoin=\"round\" fill=\"#ffffff\"><\/path><\/svg>\t\t\t<\/span>\n\t\t\t\t\t\t\t\t<\/span>\n\t\t\t\t\t<\/a>\n\t\t\t\t\t\t\t\t<\/div>\n\t\t\t\t<\/div>\n\t\t\t\t<\/div>\n\t\t\t\t\t<\/div>\n\t\t\t\t<\/div>\n\t\t\t\t<\/div>\n\t\t<style id=\"loop-dynamic-1199\">.e-loop-item-1876 .elementor-element.elementor-element-273f2e3:not(.elementor-motion-effects-element-type-background), .e-loop-item-1876 .elementor-element.elementor-element-273f2e3 > .elementor-motion-effects-container > .elementor-motion-effects-layer{background-image:url(\"https:\/\/gapres.pt\/wp-content\/uploads\/2026\/02\/P1145-1-1-1.webp\");}<\/style>\t\t<div data-elementor-type=\"loop-item\" data-elementor-id=\"1199\" class=\"elementor elementor-1199 elementor-654 elementor-654 e-loop-item e-loop-item-1876 post-1876 projetos type-projetos status-publish hentry categoria-aeroports\" data-elementor-post-type=\"elementor_library\" data-custom-edit-handle=\"1\">\n\t\t\t<div class=\"elementor-element elementor-element-4ee1fe2 e-flex e-con-boxed e-con e-parent\" data-id=\"4ee1fe2\" data-element_type=\"container\" data-e-type=\"container\">\n\t\t\t\t\t<div class=\"e-con-inner\">\n\t\t<div class=\"elementor-element elementor-element-273f2e3 e-con-full e-flex e-con e-child\" data-id=\"273f2e3\" data-element_type=\"container\" data-e-type=\"container\" data-settings=\"{&quot;background_background&quot;:&quot;classic&quot;}\">\n\t\t\t\t<div class=\"elementor-element elementor-element-62cc930 elementor-widget-divider--view-line elementor-widget elementor-widget-divider\" data-id=\"62cc930\" data-element_type=\"widget\" data-e-type=\"widget\" data-widget_type=\"divider.default\">\n\t\t\t\t\t\t\t<div class=\"elementor-divider\">\n\t\t\t<span class=\"elementor-divider-separator\">\n\t\t\t\t\t\t<\/span>\n\t\t<\/div>\n\t\t\t\t\t\t<\/div>\n\t\t<div class=\"elementor-element elementor-element-753e6d9 e-con-full e-flex e-con e-child\" data-id=\"753e6d9\" data-element_type=\"container\" data-e-type=\"container\">\n\t\t\t\t<div class=\"elementor-element elementor-element-951b7ef elementor-widget__width-initial elementor-widget elementor-widget-heading\" data-id=\"951b7ef\" data-element_type=\"widget\" data-e-type=\"widget\" data-widget_type=\"heading.default\">\n\t\t\t\t\t<p class=\"elementor-heading-title elementor-size-default\">NAER \u2013 NOVO AEROPORTO, S.A. CONSEIL TECHNIQUE POUR LA CONCEPTION \/ CONSTRUCTION DU NOUVEL A\u00c9ROPORT, OTA<\/p>\t\t\t\t<\/div>\n\t\t\t\t<div class=\"elementor-element elementor-element-8a0fc68 elementor-widget elementor-widget-button\" data-id=\"8a0fc68\" data-element_type=\"widget\" data-e-type=\"widget\" data-widget_type=\"button.default\">\n\t\t\t\t\t\t\t\t\t\t<a class=\"elementor-button elementor-button-link elementor-size-sm\" href=\"https:\/\/gapres.pt\/fr\/projects\/p1145-naer-novo-aeroporto-s-a-assistance-technique-pour-la-conception-construction-du-nouvel-aeroport-ota\/\">\n\t\t\t\t\t\t<span class=\"elementor-button-content-wrapper\">\n\t\t\t\t\t\t<span class=\"elementor-button-icon\">\n\t\t\t\t<svg xmlns=\"http:\/\/www.w3.org\/2000\/svg\" width=\"800px\" height=\"800px\" viewBox=\"0 0 24 24\" fill=\"none\"><path d=\"M7 17L17 7M17 7H8M17 7V16\" stroke=\"#ffffff\" stroke-width=\"2\" stroke-linecap=\"round\" stroke-linejoin=\"round\" fill=\"#ffffff\"><\/path><\/svg>\t\t\t<\/span>\n\t\t\t\t\t\t\t\t<\/span>\n\t\t\t\t\t<\/a>\n\t\t\t\t\t\t\t\t<\/div>\n\t\t\t\t<\/div>\n\t\t\t\t<\/div>\n\t\t\t\t\t<\/div>\n\t\t\t\t<\/div>\n\t\t\t\t<\/div>\n\t\t\t\t<\/div>\n\t\t\n\t\t\t\t\t\t<\/div>\n\t\t\t\t<\/div>\n\t\t\t\t<\/div>\n\t\t\t\t<\/div>\n\t\t\t\t<\/div>\n\t\t\t\t\t<\/div>\n\t\t\t\t<\/div>\n\t\t\t\t<\/div>\n\t\t","protected":false},"excerpt":{"rendered":"<p>Projets ding\u00e9nierie pour les infrastructures a\u00e9roportuaires, d\u00e9velopp\u00e9s selon des normes \u00e9lev\u00e9es de s\u00e9curit\u00e9, de performance structurelle et dexigence technique.<\/p>\n","protected":false},"author":1,"featured_media":0,"parent":0,"menu_order":0,"comment_status":"closed","ping_status":"closed","template":"","meta":{"footnotes":""},"class_list":["post-1475","page","type-page","status-publish","hentry"],"_links":{"self":[{"href":"https:\/\/gapres.pt\/fr\/wp-json\/wp\/v2\/pages\/1475","targetHints":{"allow":["GET"]}}],"collection":[{"href":"https:\/\/gapres.pt\/fr\/wp-json\/wp\/v2\/pages"}],"about":[{"href":"https:\/\/gapres.pt\/fr\/wp-json\/wp\/v2\/types\/page"}],"author":[{"embeddable":true,"href":"https:\/\/gapres.pt\/fr\/wp-json\/wp\/v2\/users\/1"}],"replies":[{"embeddable":true,"href":"https:\/\/gapres.pt\/fr\/wp-json\/wp\/v2\/comments?post=1475"}],"version-history":[{"count":0,"href":"https:\/\/gapres.pt\/fr\/wp-json\/wp\/v2\/pages\/1475\/revisions"}],"wp:attachment":[{"href":"https:\/\/gapres.pt\/fr\/wp-json\/wp\/v2\/media?parent=1475"}],"curies":[{"name":"wp","href":"https:\/\/api.w.org\/{rel}","templated":true}]}}