{"id":1411,"date":"2026-03-03T15:46:41","date_gmt":"2026-03-03T15:46:41","guid":{"rendered":"https:\/\/gapres.pt\/qui-sommes-nous\/"},"modified":"2026-03-17T10:39:11","modified_gmt":"2026-03-17T10:39:11","slug":"qui-sommes-nous","status":"publish","type":"page","link":"https:\/\/gapres.pt\/fr\/qui-sommes-nous\/","title":{"rendered":"Qui sommes-nous"},"content":{"rendered":"\t\t<div data-elementor-type=\"wp-page\" data-elementor-id=\"1411\" class=\"elementor elementor-1411 elementor-200\" data-elementor-post-type=\"page\">\n\t\t\t\t<div class=\"elementor-element elementor-element-1247132 e-flex e-con-boxed e-con e-parent\" data-id=\"1247132\" data-element_type=\"container\" data-e-type=\"container\" data-settings=\"{&quot;background_background&quot;:&quot;classic&quot;}\">\n\t\t\t\t\t<div class=\"e-con-inner\">\n\t\t<div class=\"elementor-element elementor-element-3147ffa e-con-full e-flex e-con e-child\" data-id=\"3147ffa\" data-element_type=\"container\" data-e-type=\"container\">\n\t\t<div class=\"elementor-element elementor-element-06e8713 e-con-full e-flex e-con e-child\" data-id=\"06e8713\" data-element_type=\"container\" data-e-type=\"container\" data-settings=\"{&quot;background_background&quot;:&quot;classic&quot;}\">\n\t\t\t\t<div class=\"elementor-element elementor-element-b9b8c83 elementor-widget elementor-widget-heading\" data-id=\"b9b8c83\" data-element_type=\"widget\" data-e-type=\"widget\" data-widget_type=\"heading.default\">\n\t\t\t\t\t<h1 class=\"elementor-heading-title elementor-size-default\">Qui sommes-nous<\/h1>\t\t\t\t<\/div>\n\t\t\t\t<\/div>\n\t\t<div class=\"elementor-element elementor-element-a78e161 e-con-full e-flex e-con e-child\" data-id=\"a78e161\" data-element_type=\"container\" data-e-type=\"container\">\n\t\t\t\t<div class=\"elementor-element elementor-element-c3eaf21 elementor-widget elementor-widget-text-editor\" data-id=\"c3eaf21\" data-element_type=\"widget\" data-e-type=\"widget\" data-widget_type=\"text-editor.default\">\n\t\t\t\t\t\t\t\t\t<p>GAPRES \u2013 Gabinete de Projectos, Engenharia e Servi\u00e7os, Lda. est une entreprise sp\u00e9cialis\u00e9e dans l\u00e9laboration davis techniques, d\u00e9tudes et de projets ding\u00e9nierie. <\/p>\t\t\t\t\t\t\t\t<\/div>\n\t\t\t\t<\/div>\n\t\t\t\t<\/div>\n\t\t\t\t\t<\/div>\n\t\t\t\t<\/div>\n\t\t<div class=\"elementor-element elementor-element-e280352 e-flex e-con-boxed e-con e-parent\" data-id=\"e280352\" data-element_type=\"container\" data-e-type=\"container\">\n\t\t\t\t\t<div class=\"e-con-inner\">\n\t\t<div class=\"elementor-element elementor-element-770d8e3 e-con-full e-flex e-con e-child\" data-id=\"770d8e3\" data-element_type=\"container\" data-e-type=\"container\">\n\t\t<div class=\"elementor-element elementor-element-89cc11f e-con-full e-flex e-con e-child\" data-id=\"89cc11f\" data-element_type=\"container\" data-e-type=\"container\">\n\t\t<div class=\"elementor-element elementor-element-3d36377 e-con-full e-flex e-con e-child\" data-id=\"3d36377\" data-element_type=\"container\" data-e-type=\"container\">\n\t\t<div class=\"elementor-element elementor-element-7b72fc1 e-con-full e-flex e-con e-child\" data-id=\"7b72fc1\" data-element_type=\"container\" data-e-type=\"container\">\n\t\t<div class=\"elementor-element elementor-element-2cd368c e-con-full e-flex e-con e-child\" data-id=\"2cd368c\" data-element_type=\"container\" data-e-type=\"container\">\n\t\t\t\t<div class=\"elementor-element elementor-element-4fc318d elementor-widget elementor-widget-counter\" data-id=\"4fc318d\" data-element_type=\"widget\" data-e-type=\"widget\" data-widget_type=\"counter.default\">\n\t\t\t\t\t\t\t<div class=\"elementor-counter\">\n\t\t\t\t\t\t<div class=\"elementor-counter-number-wrapper\">\n\t\t\t\t<span class=\"elementor-counter-number-prefix\"><\/span>\n\t\t\t\t<span class=\"elementor-counter-number\" data-duration=\"2000\" data-to-value=\"50\" data-from-value=\"0\" data-delimiter=\",\">0<\/span>\n\t\t\t\t<span class=\"elementor-counter-number-suffix\">+<\/span>\n\t\t\t<\/div>\n\t\t<\/div>\n\t\t\t\t\t\t<\/div>\n\t\t\t\t<\/div>\n\t\t<div class=\"elementor-element elementor-element-8f72f60 e-con-full e-flex e-con e-child\" data-id=\"8f72f60\" data-element_type=\"container\" data-e-type=\"container\">\n\t\t\t\t<div class=\"elementor-element elementor-element-60eb6cd elementor-widget elementor-widget-image-box\" data-id=\"60eb6cd\" data-element_type=\"widget\" data-e-type=\"widget\" data-widget_type=\"image-box.default\">\n\t\t\t\t\t<div class=\"elementor-image-box-wrapper\"><div class=\"elementor-image-box-content\"><h3 class=\"elementor-image-box-title\">Ann\u00e9es dexp\u00e9rience<\/h3><p class=\"elementor-image-box-description\">Fond\u00e9e en 1973, elle poss\u00e8de un solide parcours dans le domaine de ling\u00e9nierie, prouv\u00e9 par un vaste portefeuille dinterventions au Portugal continental et dans les r\u00e9gions autonomes, ainsi que sur divers march\u00e9s internationaux.<\/p><\/div><\/div>\t\t\t\t<\/div>\n\t\t\t\t<\/div>\n\t\t\t\t<\/div>\n\t\t<div class=\"elementor-element elementor-element-b272f45 e-con-full e-flex e-con e-child\" data-id=\"b272f45\" data-element_type=\"container\" data-e-type=\"container\">\n\t\t<div class=\"elementor-element elementor-element-f77bb11 e-con-full e-flex e-con e-child\" data-id=\"f77bb11\" data-element_type=\"container\" data-e-type=\"container\">\n\t\t\t\t<div class=\"elementor-element elementor-element-e374a4c elementor-widget elementor-widget-counter\" data-id=\"e374a4c\" data-element_type=\"widget\" data-e-type=\"widget\" data-widget_type=\"counter.default\">\n\t\t\t\t\t\t\t<div class=\"elementor-counter\">\n\t\t\t\t\t\t<div class=\"elementor-counter-number-wrapper\">\n\t\t\t\t<span class=\"elementor-counter-number-prefix\"><\/span>\n\t\t\t\t<span class=\"elementor-counter-number\" data-duration=\"2000\" data-to-value=\"1720\" data-from-value=\"0\" data-delimiter=\",\">0<\/span>\n\t\t\t\t<span class=\"elementor-counter-number-suffix\">+<\/span>\n\t\t\t<\/div>\n\t\t<\/div>\n\t\t\t\t\t\t<\/div>\n\t\t\t\t<\/div>\n\t\t<div class=\"elementor-element elementor-element-e961ec0 e-con-full e-flex e-con e-child\" data-id=\"e961ec0\" data-element_type=\"container\" data-e-type=\"container\">\n\t\t\t\t<div class=\"elementor-element elementor-element-3001717 elementor-widget elementor-widget-image-box\" data-id=\"3001717\" data-element_type=\"widget\" data-e-type=\"widget\" data-widget_type=\"image-box.default\">\n\t\t\t\t\t<div class=\"elementor-image-box-wrapper\"><div class=\"elementor-image-box-content\"><h3 class=\"elementor-image-box-title\">Projets r\u00e9alis\u00e9s<\/h3><p class=\"elementor-image-box-description\">Tout au long de son activit\u00e9, GAPRES a consolid\u00e9 un positionnement de r\u00e9f\u00e9rence, soutenu par la qualit\u00e9 technique, la fiabilit\u00e9 et la capacit\u00e9 de r\u00e9ponse aux exigences de ses clients. Lengagement permanent envers linnovation, lam\u00e9lioration continue et la cr\u00e9ation de valeur nous permet denvisager lavenir avec confiance, certains que nous continuerons \u00e0 satisfaire les hauts niveaux dexigence de nos clients. <\/p><\/div><\/div>\t\t\t\t<\/div>\n\t\t\t\t<\/div>\n\t\t\t\t<\/div>\n\t\t<div class=\"elementor-element elementor-element-be595c9 e-con-full e-flex e-con e-child\" data-id=\"be595c9\" data-element_type=\"container\" data-e-type=\"container\">\n\t\t<div class=\"elementor-element elementor-element-f10dca1 e-con-full e-flex e-con e-child\" data-id=\"f10dca1\" data-element_type=\"container\" data-e-type=\"container\">\n\t\t\t\t<div class=\"elementor-element elementor-element-a29bd96 elementor-widget elementor-widget-counter\" data-id=\"a29bd96\" data-element_type=\"widget\" data-e-type=\"widget\" data-widget_type=\"counter.default\">\n\t\t\t\t\t\t\t<div class=\"elementor-counter\">\n\t\t\t\t\t\t<div class=\"elementor-counter-number-wrapper\">\n\t\t\t\t<span class=\"elementor-counter-number-prefix\"><\/span>\n\t\t\t\t<span class=\"elementor-counter-number\" data-duration=\"2000\" data-to-value=\"1185\" data-from-value=\"0\" data-delimiter=\",\">0<\/span>\n\t\t\t\t<span class=\"elementor-counter-number-suffix\">+<\/span>\n\t\t\t<\/div>\n\t\t<\/div>\n\t\t\t\t\t\t<\/div>\n\t\t\t\t<\/div>\n\t\t<div class=\"elementor-element elementor-element-a587782 e-con-full e-flex e-con e-child\" data-id=\"a587782\" data-element_type=\"container\" data-e-type=\"container\">\n\t\t\t\t<div class=\"elementor-element elementor-element-7817071 elementor-widget elementor-widget-image-box\" data-id=\"7817071\" data-element_type=\"widget\" data-e-type=\"widget\" data-widget_type=\"image-box.default\">\n\t\t\t\t\t<div class=\"elementor-image-box-wrapper\"><div class=\"elementor-image-box-content\"><h3 class=\"elementor-image-box-title\">Clients satisfaits<\/h3><p class=\"elementor-image-box-description\">Au cours de plus de cinq d\u00e9cennies dactivit\u00e9, GAPRES a b\u00e2ti des relations de confiance avec 1185 clients, parmi des entit\u00e9s publiques et priv\u00e9es, nationales et internationales. Ce nombre refl\u00e8te non seulement lexp\u00e9rience accumul\u00e9e, mais surtout la reconnaissance de la qualit\u00e9 technique, de la rigueur et de la fiabilit\u00e9 qui guident notre action dans chaque projet d\u00e9velopp\u00e9. <\/p><\/div><\/div>\t\t\t\t<\/div>\n\t\t\t\t<\/div>\n\t\t\t\t<\/div>\n\t\t\t\t<\/div>\n\t\t\t\t<\/div>\n\t\t\t\t<\/div>\n\t\t\t\t\t<\/div>\n\t\t\t\t<\/div>\n\t\t<div class=\"elementor-element elementor-element-bd9fff3 e-flex e-con-boxed e-con e-parent\" data-id=\"bd9fff3\" data-element_type=\"container\" data-e-type=\"container\" data-settings=\"{&quot;background_background&quot;:&quot;classic&quot;}\">\n\t\t\t\t\t<div class=\"e-con-inner\">\n\t\t<div class=\"elementor-element elementor-element-ad6a3fc e-con-full e-flex e-con e-child\" data-id=\"ad6a3fc\" data-element_type=\"container\" data-e-type=\"container\">\n\t\t\t\t<div class=\"elementor-element elementor-element-cbb183c elementor-widget elementor-widget-heading\" data-id=\"cbb183c\" data-element_type=\"widget\" data-e-type=\"widget\" data-widget_type=\"heading.default\">\n\t\t\t\t\t<h2 class=\"elementor-heading-title elementor-size-default\">Les principes qui nous animent<\/h2>\t\t\t\t<\/div>\n\t\t\t\t<\/div>\n\t\t<div class=\"elementor-element elementor-element-64e9327 e-con-full e-flex e-con e-child\" data-id=\"64e9327\" data-element_type=\"container\" data-e-type=\"container\">\n\t\t<div class=\"elementor-element elementor-element-0d2bf00 e-grid e-con-full e-con e-child\" data-id=\"0d2bf00\" data-element_type=\"container\" data-e-type=\"container\">\n\t\t<div class=\"elementor-element elementor-element-53ce21f e-con-full e-flex e-con e-child\" data-id=\"53ce21f\" data-element_type=\"container\" data-e-type=\"container\">\n\t\t\t\t<div class=\"elementor-element elementor-element-9b628bc elementor-widget elementor-widget-image-box\" data-id=\"9b628bc\" data-element_type=\"widget\" data-e-type=\"widget\" data-widget_type=\"image-box.default\">\n\t\t\t\t\t<div class=\"elementor-image-box-wrapper\"><div class=\"elementor-image-box-content\"><h3 class=\"elementor-image-box-title\">Mission<\/h3><\/div><\/div>\t\t\t\t<\/div>\n\t\t\t\t<div class=\"elementor-element elementor-element-44bb47a elementor-widget elementor-widget-text-editor\" data-id=\"44bb47a\" data-element_type=\"widget\" data-e-type=\"widget\" data-widget_type=\"text-editor.default\">\n\t\t\t\t\t\t\t\t\t<p>Fournir des services ding\u00e9nierie avec une excellence technique, en r\u00e9pondant aux attentes des clients.<\/p><p>Nous nous engageons \u00e0 :<\/p><ul><li>D\u00e9velopper et mettre en \u0153uvre des solutions ding\u00e9nierie innovantes et durables ;<\/li><li>Contribuer au progr\u00e8s des communaut\u00e9s et \u00e0 la pr\u00e9servation de lenvironnement ;<\/li><li>Agir avec un sens \u00e9lev\u00e9 de la qualit\u00e9, de l\u00e9thique et de la responsabilit\u00e9 professionnelle ;<\/li><li>Comprendre les objectifs de nos clients et contribuer \u00e0 leur r\u00e9alisation.<\/li><\/ul>\t\t\t\t\t\t\t\t<\/div>\n\t\t\t\t<\/div>\n\t\t<div class=\"elementor-element elementor-element-8ee14e8 e-con-full e-flex e-con e-child\" data-id=\"8ee14e8\" data-element_type=\"container\" data-e-type=\"container\">\n\t\t\t\t<div class=\"elementor-element elementor-element-b393bce elementor-widget elementor-widget-image-box\" data-id=\"b393bce\" data-element_type=\"widget\" data-e-type=\"widget\" data-widget_type=\"image-box.default\">\n\t\t\t\t\t<div class=\"elementor-image-box-wrapper\"><div class=\"elementor-image-box-content\"><h3 class=\"elementor-image-box-title\">Valeurs<\/h3><\/div><\/div>\t\t\t\t<\/div>\n\t\t\t\t<div class=\"elementor-element elementor-element-ec54a13 elementor-widget elementor-widget-text-editor\" data-id=\"ec54a13\" data-element_type=\"widget\" data-e-type=\"widget\" data-widget_type=\"text-editor.default\">\n\t\t\t\t\t\t\t\t\t<p>Lhistoire de Gapres est le t\u00e9moignage des valeurs fondamentales qui d\u00e9finissent son identit\u00e9 et sa culture :<\/p><ul><li>Responsabilit\u00e9, comp\u00e9tence et rigueur technique<\/li><li>Ind\u00e9pendance, int\u00e9grit\u00e9 et \u00e9thique professionnelle<\/li><li>Solidarit\u00e9, coh\u00e9sion et esprit d\u00e9quipe<\/li><li>Durabilit\u00e9 de la structure organisationnelle avec des niveaux defficacit\u00e9 \u00e9lev\u00e9s<\/li><\/ul>\t\t\t\t\t\t\t\t<\/div>\n\t\t\t\t<\/div>\n\t\t\t\t<\/div>\n\t\t\t\t<div class=\"elementor-element elementor-element-f5d7f14 elementor-widget-divider--view-line elementor-widget elementor-widget-divider\" data-id=\"f5d7f14\" data-element_type=\"widget\" data-e-type=\"widget\" data-widget_type=\"divider.default\">\n\t\t\t\t\t\t\t<div class=\"elementor-divider\">\n\t\t\t<span class=\"elementor-divider-separator\">\n\t\t\t\t\t\t<\/span>\n\t\t<\/div>\n\t\t\t\t\t\t<\/div>\n\t\t\t\t<div class=\"elementor-element elementor-element-724ff43 elementor-arrows-position-inside elementor-pagination-position-outside elementor-widget elementor-widget-image-carousel\" data-id=\"724ff43\" data-element_type=\"widget\" data-e-type=\"widget\" data-settings=\"{&quot;slides_to_show&quot;:&quot;5&quot;,&quot;slides_to_show_mobile&quot;:&quot;3&quot;,&quot;slides_to_scroll&quot;:&quot;1&quot;,&quot;slides_to_scroll_mobile&quot;:&quot;3&quot;,&quot;autoplay_speed&quot;:2000,&quot;speed&quot;:300,&quot;image_spacing_custom&quot;:{&quot;unit&quot;:&quot;px&quot;,&quot;size&quot;:51,&quot;sizes&quot;:[]},&quot;navigation&quot;:&quot;both&quot;,&quot;autoplay&quot;:&quot;yes&quot;,&quot;image_spacing_custom_tablet&quot;:{&quot;unit&quot;:&quot;px&quot;,&quot;size&quot;:&quot;&quot;,&quot;sizes&quot;:[]},&quot;image_spacing_custom_mobile&quot;:{&quot;unit&quot;:&quot;px&quot;,&quot;size&quot;:&quot;&quot;,&quot;sizes&quot;:[]}}\" data-widget_type=\"image-carousel.default\">\n\t\t\t\t\t\t\t<div class=\"elementor-image-carousel-wrapper swiper\" role=\"region\" aria-roledescription=\"carousel\" aria-label=\"Carrossel de imagens\" dir=\"ltr\">\n\t\t\t<div class=\"elementor-image-carousel swiper-wrapper\" aria-live=\"off\">\n\t\t\t\t\t\t\t\t<div class=\"swiper-slide\" role=\"group\" aria-roledescription=\"slide\" aria-label=\"1 sur 11\"><figure class=\"swiper-slide-inner\"><img decoding=\"async\" class=\"swiper-slide-image\" src=\"https:\/\/gapres.pt\/wp-content\/uploads\/2026\/02\/imagem_23.webp\" alt=\"image_23\" \/><\/figure><\/div><div class=\"swiper-slide\" role=\"group\" aria-roledescription=\"slide\" aria-label=\"2 sur 11\"><figure class=\"swiper-slide-inner\"><img decoding=\"async\" class=\"swiper-slide-image\" src=\"https:\/\/gapres.pt\/wp-content\/uploads\/2026\/02\/imagem_6.webp\" alt=\"image_6\" \/><\/figure><\/div><div class=\"swiper-slide\" role=\"group\" aria-roledescription=\"slide\" aria-label=\"3 sur 11\"><figure class=\"swiper-slide-inner\"><img decoding=\"async\" class=\"swiper-slide-image\" src=\"https:\/\/gapres.pt\/wp-content\/uploads\/2026\/02\/imagem_34.webp\" alt=\"image_34\" \/><\/figure><\/div><div class=\"swiper-slide\" role=\"group\" aria-roledescription=\"slide\" aria-label=\"4 sur 11\"><figure class=\"swiper-slide-inner\"><img decoding=\"async\" class=\"swiper-slide-image\" src=\"https:\/\/gapres.pt\/wp-content\/uploads\/2026\/02\/imagem_38.webp\" alt=\"image_38\" \/><\/figure><\/div><div class=\"swiper-slide\" role=\"group\" aria-roledescription=\"slide\" aria-label=\"5 sur 11\"><figure class=\"swiper-slide-inner\"><img decoding=\"async\" class=\"swiper-slide-image\" src=\"https:\/\/gapres.pt\/wp-content\/uploads\/2026\/02\/imagem_40.webp\" alt=\"image_40\" \/><\/figure><\/div><div class=\"swiper-slide\" role=\"group\" aria-roledescription=\"slide\" aria-label=\"6 sur 11\"><figure class=\"swiper-slide-inner\"><img decoding=\"async\" class=\"swiper-slide-image\" src=\"https:\/\/gapres.pt\/wp-content\/uploads\/2026\/02\/imagem_59.webp\" alt=\"image_59\" \/><\/figure><\/div><div class=\"swiper-slide\" role=\"group\" aria-roledescription=\"slide\" aria-label=\"7 sur 11\"><figure class=\"swiper-slide-inner\"><img decoding=\"async\" class=\"swiper-slide-image\" src=\"https:\/\/gapres.pt\/wp-content\/uploads\/2026\/02\/imagem_9.webp\" alt=\"image_9\" \/><\/figure><\/div><div class=\"swiper-slide\" role=\"group\" aria-roledescription=\"slide\" aria-label=\"8 sur 11\"><figure class=\"swiper-slide-inner\"><img decoding=\"async\" class=\"swiper-slide-image\" src=\"https:\/\/gapres.pt\/wp-content\/uploads\/2026\/02\/imagem_10.webp\" alt=\"image_10\" \/><\/figure><\/div><div class=\"swiper-slide\" role=\"group\" aria-roledescription=\"slide\" aria-label=\"9 sur 11\"><figure class=\"swiper-slide-inner\"><img decoding=\"async\" class=\"swiper-slide-image\" src=\"https:\/\/gapres.pt\/wp-content\/uploads\/2026\/02\/imagem_13.webp\" alt=\"image_13\" \/><\/figure><\/div><div class=\"swiper-slide\" role=\"group\" aria-roledescription=\"slide\" aria-label=\"10 sur 11\"><figure class=\"swiper-slide-inner\"><img decoding=\"async\" class=\"swiper-slide-image\" src=\"https:\/\/gapres.pt\/wp-content\/uploads\/2026\/02\/imagem_17.webp\" alt=\"image_17\" \/><\/figure><\/div><div class=\"swiper-slide\" role=\"group\" aria-roledescription=\"slide\" aria-label=\"11 sur 11\"><figure class=\"swiper-slide-inner\"><img decoding=\"async\" class=\"swiper-slide-image\" src=\"https:\/\/gapres.pt\/wp-content\/uploads\/2026\/02\/imagem_22.webp\" alt=\"image_22\" \/><\/figure><\/div>\t\t\t<\/div>\n\t\t\t\t\t\t\t\t\t\t\t\t<div class=\"elementor-swiper-button elementor-swiper-button-prev\" role=\"button\" tabindex=\"0\">\n\t\t\t\t\t\t<svg aria-hidden=\"true\" class=\"e-font-icon-svg e-eicon-chevron-left\" viewBox=\"0 0 1000 1000\" xmlns=\"http:\/\/www.w3.org\/2000\/svg\"><path d=\"M646 125C629 125 613 133 604 142L308 442C296 454 292 471 292 487 292 504 296 521 308 533L604 854C617 867 629 875 646 875 663 875 679 871 692 858 704 846 713 829 713 812 713 796 708 779 692 767L438 487 692 225C700 217 708 204 708 187 708 171 704 154 692 142 675 129 663 125 646 125Z\"><\/path><\/svg>\t\t\t\t\t<\/div>\n\t\t\t\t\t<div class=\"elementor-swiper-button elementor-swiper-button-next\" role=\"button\" tabindex=\"0\">\n\t\t\t\t\t\t<svg aria-hidden=\"true\" class=\"e-font-icon-svg e-eicon-chevron-right\" viewBox=\"0 0 1000 1000\" xmlns=\"http:\/\/www.w3.org\/2000\/svg\"><path d=\"M696 533C708 521 713 504 713 487 713 471 708 454 696 446L400 146C388 133 375 125 354 125 338 125 325 129 313 142 300 154 292 171 292 187 292 204 296 221 308 233L563 492 304 771C292 783 288 800 288 817 288 833 296 850 308 863 321 871 338 875 354 875 371 875 388 867 400 854L696 533Z\"><\/path><\/svg>\t\t\t\t\t<\/div>\n\t\t\t\t\n\t\t\t\t\t\t\t\t\t<div class=\"swiper-pagination\"><\/div>\n\t\t\t\t\t\t\t\t\t<\/div>\n\t\t\t\t\t\t<\/div>\n\t\t\t\t<\/div>\n\t\t\t\t\t<\/div>\n\t\t\t\t<\/div>\n\t\t\t\t<\/div>\n\t\t","protected":false},"excerpt":{"rendered":"<p>Qui sommes-nous GAPRES \u2013 Gabinete de Projectos, Engenharia e Servi\u00e7os, Lda. est une entreprise sp\u00e9cialis\u00e9e dans l\u00e9laboration davis techniques, d\u00e9tudes et de projets ding\u00e9nierie. 0 + Ann\u00e9es dexp\u00e9rience Fond\u00e9e en 1973, elle poss\u00e8de un solide parcours dans le domaine de ling\u00e9nierie, prouv\u00e9 par un vaste portefeuille dinterventions au Portugal continental et dans les r\u00e9gions autonomes, [&hellip;]<\/p>\n","protected":false},"author":1,"featured_media":0,"parent":0,"menu_order":0,"comment_status":"closed","ping_status":"closed","template":"","meta":{"footnotes":""},"class_list":["post-1411","page","type-page","status-publish","hentry"],"_links":{"self":[{"href":"https:\/\/gapres.pt\/fr\/wp-json\/wp\/v2\/pages\/1411","targetHints":{"allow":["GET"]}}],"collection":[{"href":"https:\/\/gapres.pt\/fr\/wp-json\/wp\/v2\/pages"}],"about":[{"href":"https:\/\/gapres.pt\/fr\/wp-json\/wp\/v2\/types\/page"}],"author":[{"embeddable":true,"href":"https:\/\/gapres.pt\/fr\/wp-json\/wp\/v2\/users\/1"}],"replies":[{"embeddable":true,"href":"https:\/\/gapres.pt\/fr\/wp-json\/wp\/v2\/comments?post=1411"}],"version-history":[{"count":0,"href":"https:\/\/gapres.pt\/fr\/wp-json\/wp\/v2\/pages\/1411\/revisions"}],"wp:attachment":[{"href":"https:\/\/gapres.pt\/fr\/wp-json\/wp\/v2\/media?parent=1411"}],"curies":[{"name":"wp","href":"https:\/\/api.w.org\/{rel}","templated":true}]}}