{"id":1264,"date":"2026-03-09T12:16:31","date_gmt":"2026-03-09T12:16:31","guid":{"rendered":"https:\/\/gapres.pt\/politique-de-confidentialite\/"},"modified":"2026-03-17T10:38:20","modified_gmt":"2026-03-17T10:38:20","slug":"politique-de-confidentialite","status":"publish","type":"page","link":"https:\/\/gapres.pt\/fr\/politique-de-confidentialite\/","title":{"rendered":"Politique de confidentialit\u00e9"},"content":{"rendered":"\t\t<div data-elementor-type=\"wp-page\" data-elementor-id=\"1264\" class=\"elementor elementor-1264 elementor-1008\" data-elementor-post-type=\"page\">\n\t\t\t\t<div class=\"elementor-element elementor-element-1247132 e-flex e-con-boxed e-con e-parent\" data-id=\"1247132\" data-element_type=\"container\" data-e-type=\"container\" data-settings=\"{&quot;background_background&quot;:&quot;classic&quot;}\">\n\t\t\t\t\t<div class=\"e-con-inner\">\n\t\t<div class=\"elementor-element elementor-element-3147ffa e-con-full e-flex e-con e-child\" data-id=\"3147ffa\" data-element_type=\"container\" data-e-type=\"container\">\n\t\t<div class=\"elementor-element elementor-element-06e8713 e-con-full e-flex e-con e-child\" data-id=\"06e8713\" data-element_type=\"container\" data-e-type=\"container\" data-settings=\"{&quot;background_background&quot;:&quot;classic&quot;}\">\n\t\t\t\t<div class=\"elementor-element elementor-element-b9b8c83 elementor-widget elementor-widget-heading\" data-id=\"b9b8c83\" data-element_type=\"widget\" data-e-type=\"widget\" data-widget_type=\"heading.default\">\n\t\t\t\t\t<h1 class=\"elementor-heading-title elementor-size-default\">Politique de confidentialit\u00e9<\/h1>\t\t\t\t<\/div>\n\t\t\t\t<\/div>\n\t\t<div class=\"elementor-element elementor-element-a78e161 e-con-full e-flex e-con e-child\" data-id=\"a78e161\" data-element_type=\"container\" data-e-type=\"container\">\n\t\t\t\t<\/div>\n\t\t\t\t<\/div>\n\t\t\t\t\t<\/div>\n\t\t\t\t<\/div>\n\t\t<div class=\"elementor-element elementor-element-e280352 e-flex e-con-boxed e-con e-parent\" data-id=\"e280352\" data-element_type=\"container\" data-e-type=\"container\">\n\t\t\t\t\t<div class=\"e-con-inner\">\n\t\t<div class=\"elementor-element elementor-element-770d8e3 e-con-full e-flex e-con e-child\" data-id=\"770d8e3\" data-element_type=\"container\" data-e-type=\"container\">\n\t\t<div class=\"elementor-element elementor-element-89cc11f e-con-full e-flex e-con e-child\" data-id=\"89cc11f\" data-element_type=\"container\" data-e-type=\"container\">\n\t\t\t\t<div class=\"elementor-element elementor-element-ca26480 elementor-widget elementor-widget-text-editor\" data-id=\"ca26480\" data-element_type=\"widget\" data-e-type=\"widget\" data-widget_type=\"text-editor.default\">\n\t\t\t\t\t\t\t\t\t<em>Derni\u00e8re mise \u00e0 jour le : 14 janvier 2025<\/em>\n<h4>Qui sommes-nous ?<\/h4>\n<strong>GAPRES<\/strong>\n\n<em>Site web<\/em> : https:\/\/gapres.pt\n\n<em>Localit\u00e9<\/em> : Lisbonne\n\n<em>T\u00e9l\u00e9phone<\/em> : <a href=\"tel:+351218453020\">(+351) 218 453 020<\/a>\n\n<em>Courrier \u00e9lectronique (E-mail)<\/em> : <a href=\"mailto:gapres@gapres.pt\">gapres@gapres.pt<\/a>\n\n&nbsp;\n\n<strong>GAPRES<\/strong> et son <em>site web<\/em> <strong>https:\/\/gapres.pt<\/strong> garantissent la protection de la confidentialit\u00e9 des donn\u00e9es \u00e0 tous les utilisateurs qui y acc\u00e8dent en ligne. \u00c0 cet effet, la pr\u00e9sente politique de confidentialit\u00e9 a \u00e9t\u00e9 \u00e9labor\u00e9e. \n\nVeuillez lire attentivement cette politique de confidentialit\u00e9 concernant la conservation et la gestion des informations personnelles, afin de pouvoir donner votre consentement implicite et\/ou explicite pour autoriser le traitement de ces m\u00eames informations.\n\nNotre politique a \u00e9t\u00e9 pr\u00e9par\u00e9e conform\u00e9ment au nouveau R\u00e8glement g\u00e9n\u00e9ral sur la protection des donn\u00e9es (RGPD), entr\u00e9 en vigueur le 25 mai 2018, et adopte les meilleures pratiques de protection des donn\u00e9es personnelles et de s\u00e9curit\u00e9, visant le meilleur pour nos utilisateurs. Cette mesure sapplique \u00e0 toutes les entreprises actives dans lUE, quel que soit leur emplacement. \n\nLe <em>site web<\/em> <strong>https:\/\/gapres.pt<\/strong> se r\u00e9serve le droit de modifier \u00e0 tout moment la pr\u00e9sente politique de confidentialit\u00e9, en tenant compte des modifications du R\u00e8glement g\u00e9n\u00e9ral sur la protection des donn\u00e9es, \u00e9tant entendu que ces modifications seront d\u00fbment publi\u00e9es sur la pr\u00e9sente page (\u00ab Politique de confidentialit\u00e9 \u00bb), ainsi que sur la page \u00ab Politique relative aux cookies \u00bb.\n\nLa version publi\u00e9e sur le pr\u00e9sent site web est celle qui est mise \u00e0 jour et actuellement en vigueur.\n\nPour d\u2019autres informations g\u00e9n\u00e9rales sur la loi, veuillez consulter : <a href=\"https:\/\/www.cnpd.pt\/bin\/rgpd\/rgpd.htm\" target=\"_blank\" rel=\"noopener\">https:\/\/www.cnpd.pt\/bin\/rgpd\/rgpd.htm<\/a>\n\nConsultez \u00e9galement notre <a href=\"https:\/\/gapres.pt\/fr\/politique-de-cookies\/\">politique relative aux cookies<\/a>.\n\n&nbsp;\n<h4>1. Donn\u00e9es personnelles et ce que ce site web collecte<\/h4>\nLes donn\u00e9es personnelles repr\u00e9sentent toute information relative \u00e0 une personne physique identifi\u00e9e ou identifiable, de quelque nature que ce soit et quel que soit le type de support. Toutes les donn\u00e9es personnelles collect\u00e9es sont soumises de mani\u00e8re volontaire et objective par les utilisateurs, et sont exclusivement destin\u00e9es \u00e0 \u00eatre utilis\u00e9es par le <em>site web<\/em> <strong>https:\/\/gapres.pt<\/strong>, garantissant ainsi leur confidentialit\u00e9 et leur protection. \n\nLes donn\u00e9es personnelles qui ont \u00e9t\u00e9 d\u00e9caract\u00e9ris\u00e9es, cod\u00e9es ou anonymis\u00e9es, mais qui peuvent \u00eatre utilis\u00e9es pour r\u00e9identifier une personne, restent des donn\u00e9es personnelles et entrent dans le champ dapplication du RGPD.\n\nLes donn\u00e9es personnelles qui ont \u00e9t\u00e9 rendues anonymes de telle sorte que la personne nest pas ou ne soit plus identifiable ne sont plus consid\u00e9r\u00e9es comme des donn\u00e9es personnelles. Pour que les donn\u00e9es soient v\u00e9ritablement anonymis\u00e9es, lanonymisation doit \u00eatre irr\u00e9versible. \n\nLe pr\u00e9sent <em>site web<\/em> <strong>https:\/\/gapres.pt<\/strong> pourra recueillir les informations personnelles suivantes via ses champs d\u2019inscription (newsletters) ou formulaires de contact : nom, t\u00e9l\u00e9phone, e-mail et entreprise repr\u00e9sent\u00e9e. Ces donn\u00e9es seront utilis\u00e9es exclusivement par <strong>GAPRES<\/strong> pour les services disponibles et\/ou accessibles via le <em>site web<\/em> <strong>https:\/\/gapres.pt<\/strong>. \n\nDautres donn\u00e9es collect\u00e9es, dans ce cas automatiquement, sont d\u00e9taill\u00e9es dans la politique relative aux cookies.\n\nPour accro\u00eetre lefficacit\u00e9 des pages de ce site web, des informations de navigation telles que le type de navigateur utilis\u00e9, la zone g\u00e9ographique, le nombre de clics ou le temps pass\u00e9 par page sont parfois \u00e9galement collect\u00e9es. Ces informations sont g\u00e9n\u00e9riques et Google nassociera pas ces donn\u00e9es ni votre adresse IP \u00e0 dautres donn\u00e9es personnelles identifiables. Pour en savoir plus, consultez notre politique relative aux cookies.  \n\n&nbsp;\n<h4>2. Finalit\u00e9 du traitement des donn\u00e9es personnelles<\/h4>\nLes donn\u00e9es personnelles collect\u00e9es sur ce site ne seront en aucun cas mises \u00e0 disposition, vendues, partag\u00e9es ou r\u00e9v\u00e9l\u00e9es \u00e0 des tiers, ni utilis\u00e9es \u00e0 dautres fins que celles d\u00e9crites dans les accords pr\u00e9sents sur le site, notamment pour le traitement des demandes de devis, les propositions de service et la r\u00e9ponse aux demandes dinformation et de devis, le traitement interne de ces demandes et les newsletters promotionnelles occasionnelles. Dans ces conditions, lutilisateur, en remplissant tout formulaire de contact sur le site web et en choisissant loption envoyer, donne son consentement pr\u00e9alable et expr\u00e8s \u00e0 ces fins. \n\n\u00c0 tout moment o\u00f9 lutilisateur d\u00e9cide de ne plus recevoir\/envoyer dinformations, il devra nous contacter et nous en informer.\n\n&nbsp;\n<h4>3. Responsable du traitement des donn\u00e9es personnelles<\/h4>\n<strong>GAPRES<\/strong>, situ\u00e9e \u00e0 <em>Lisbonne<\/em>, est l\u2019entit\u00e9 responsable de la collecte et du traitement des donn\u00e9es personnelles aux fins indiqu\u00e9es dans cette politique. Un responsable charg\u00e9 de la protection et de la s\u00e9curit\u00e9 des donn\u00e9es a \u00e9t\u00e9 d\u00e9sign\u00e9 en interne par notre entreprise (gestionnaire de donn\u00e9es). \n\n&nbsp;\n<h4>4. Conservation des donn\u00e9es personnelles<\/h4>\nLes donn\u00e9es personnelles sont stock\u00e9es et conserv\u00e9es, selon les finalit\u00e9s mentionn\u00e9es pr\u00e9c\u00e9demment, pendant une p\u00e9riode relative \u00e0 cet objectif.\n\nLes donn\u00e9es personnelles dont la finalit\u00e9 est l\u2019envoi de propositions de services (ou de devis et d\u2019informations relatives \u00e0 de nouveaux produits et\/ou services) de <strong>GAPRES<\/strong> seront conserv\u00e9es pendant une p\u00e9riode de 1 (un) an apr\u00e8s le dernier contact.\n\nDans des cas ponctuels, les donn\u00e9es personnelles (telles que le nom et lentreprise) pourront rester conserv\u00e9es si leur propri\u00e9taire lautorise. Toutefois, lutilisateur pourra, \u00e0 tout moment, demander le retrait de ces donn\u00e9es, conform\u00e9ment au droit mentionn\u00e9 au point 5 de la pr\u00e9sente politique de confidentialit\u00e9 ci-dessous. \n\n&nbsp;\n<h4>5. Droit dacc\u00e8s, de rectification, de suppression, de limitation du traitement et de portabilit\u00e9 des donn\u00e9es personnelles<\/h4>\n\u00c0 tout moment, l\u2019utilisateur a le droit d\u2019acc\u00e9der \u00e0 ses donn\u00e9es personnelles, ainsi qu\u2019\u00e0 leur rectification, exportation, consultation, exclusion ou oubli, portabilit\u00e9, d\u00e9limitation et\/ou opposition au traitement des donn\u00e9es. En ce sens, il pourra contacter <strong>GAPRES<\/strong> via l\u2019adresse \u00e9lectronique <a href=\"mailto:gapres@gapres.pt\">gapres@gapres.pt<\/a>, en \u00e9crivant \u00e0 l\u2019adresse du si\u00e8ge ou par t\u00e9l\u00e9phone au <a href=\"tel:+351218%20453%20020\">(+351) 218 453 020<\/a>. L\u2019utilisateur pourra \u00e9galement introduire les r\u00e9clamations qu\u2019il juge n\u00e9cessaires aupr\u00e8s de l\u2019autorit\u00e9 indiqu\u00e9e \u00e0 cet effet.  \n\nSi vous constatez que les informations contenues dans la pr\u00e9sente politique de confidentialit\u00e9 ne sont pas suffisamment explicites et\/ou claires, ou pour tout autre crit\u00e8re que vous jugez pertinent, n\u2019h\u00e9sitez pas \u00e0 nous contacter \u00e0 l\u2019adresse \u00e9lectronique : <a href=\"mailto:gapres@gapres.pt\">gapres@gapres.pt<\/a>. <strong>GAPRES<\/strong> accorde \u00e9galement \u00e0 l\u2019utilisateur le droit de transmettre ses donn\u00e9es personnelles qu\u2019elle stocke \u00e0 un autre prestataire de services d\u00e9sign\u00e9 par l\u2019utilisateur.\n\n&nbsp;\n<h4>6. S\u00e9curit\u00e9 dans le traitement des donn\u00e9es personnelles<\/h4>\nLes donn\u00e9es personnelles seront trait\u00e9es et stock\u00e9es informatiquement et, dans des cas ponctuels, sur support papier.\n\nLe <em>site web<\/em> <strong>https:\/\/gapres.pt<\/strong> assume la responsabilit\u00e9 de garantir la protection et la s\u00e9curit\u00e9 des donn\u00e9es que vous nous envoyez via le site web, ayant adopt\u00e9 les mesures appropri\u00e9es n\u00e9cessaires, notamment : (i) protection par mots de passe, (ii) utilisation de certificats num\u00e9riques, (iii) restrictions d\u2019acc\u00e8s physique aux lieux o\u00f9 se trouvent les serveurs de stockage des donn\u00e9es personnelles ; (iv) pare-feu, (v) communication s\u00e9curis\u00e9e via le protocole https et (vi) logiciel professionnel ad\u00e9quat. Les m\u00eames mesures de s\u00e9curit\u00e9 mentionn\u00e9es ci-dessus sont r\u00e9vis\u00e9es et mises \u00e0 jour selon les besoins et les exigences de ces mati\u00e8res.       \n\nN\u00e9anmoins, outre les mesures du <em>site web<\/em> <strong>https:\/\/gapres.pt<\/strong>, il convient d\u2019informer et d\u2019attirer l\u2019attention des utilisateurs sur le fait qu\u2019ils doivent \u00e9galement adopter des mesures de s\u00e9curit\u00e9 suppl\u00e9mentaires, comme s\u2019assurer de l\u2019existence d\u2019un pare-feu actif, d\u2019un antivirus et d\u2019un anti-spyware mis \u00e0 jour et licites.\n\nEn cas de violation de la s\u00e9curit\u00e9 entra\u00eenant, de mani\u00e8re accidentelle ou illicite, la suppression, la perte, la modification, la propagation ou l\u2019acc\u00e8s non autoris\u00e9 aux donn\u00e9es personnelles, le <em>site web<\/em> <strong>https:\/\/gapres.pt<\/strong> s\u2019engage, aux termes de la l\u00e9gislation applicable, \u00e0 communiquer aupr\u00e8s des autorit\u00e9s comp\u00e9tentes, dans la mesure du possible, dans les 72 heures suivant la connaissance d\u2019un tel \u00e9v\u00e9nement et sans d\u00e9lai injustifi\u00e9. Dans de tels cas, <strong>GAPRES<\/strong> communiquera la violation des donn\u00e9es personnelles au titulaire des donn\u00e9es concern\u00e9, conform\u00e9ment \u00e0 la l\u00e9gislation ainsi qu\u2019\u00e0 la CNPD (Commission Nationale de Protection des Donn\u00e9es). \n\n<strong>GAPRES<\/strong> ne fournira ni ne sous-traitera aucune entit\u00e9 tierce pour traiter vos donn\u00e9es personnelles.\n\n&nbsp;\n<h4>7. Droit \u00e0 loubli<\/h4>\nLe titulaire des donn\u00e9es personnelles a le droit dobtenir la suppression de ses donn\u00e9es personnelles aupr\u00e8s du responsable de leur gestion qui, \u00e0 son tour, aura lobligation de satisfaire \u00e0 la demande, d\u00e8s lors que lun des motifs suivants sapplique : (i) les donn\u00e9es ne sont plus pertinentes pour lobjectif ayant motiv\u00e9 leur collecte ou leur traitement ; (ii) le titulaire retire son consentement, lorsque le consentement est la base l\u00e9gale, ou le titulaire soppose au traitement et quil nexiste pas dint\u00e9r\u00eats l\u00e9gitimes pr\u00e9pond\u00e9rants justifiant leur maintien.  \n\n&nbsp;\n<h4>8. Acc\u00e8s aux r\u00e9seaux sociaux et aux sites web de tiers<\/h4>\nLa pr\u00e9sente politique de confidentialit\u00e9 nest pas applicable \u00e0 lutilisateur sil acc\u00e8de \u00e0 des sites web de tiers. Dans ce cas, chaque fois que vous visitez un autre site web \u00e0 partir de celui-ci, avant de fournir vos donn\u00e9es personnelles, vous devez toujours lire la politique de confidentialit\u00e9 applicable audit site web et v\u00e9rifier si vous en acceptez les termes. \n\nIl existe des liens sur notre site vers des r\u00e9seaux sociaux. En cliquant sur ces liens, vous pourrez envoyer des donn\u00e9es statistiques \u00e0 ces entreprises et \u00e0 <a href=\"https:\/\/policies.google.com\/privacy?hl=pt-PT\" target=\"_blank\" rel=\"noopener\">Google Analytics<\/a>. De plus amples informations sur la confidentialit\u00e9 des donn\u00e9es sont accessibles sur les sites des r\u00e9seaux sociaux respectifs : <a href=\"https:\/\/www.facebook.com\" target=\"_blank\" rel=\"noopener\">Facebook<\/a>, <a href=\"https:\/\/www.linkedin.com\" target=\"_blank\" rel=\"noopener\">Linkedin<\/a>, <a href=\"https:\/\/www.instagram.com\" target=\"_blank\" rel=\"noopener\">Instagram<\/a>.  \n\nLe <em>site web<\/em> <strong>https:\/\/gapres.pt<\/strong> ne se charge pas et n\u2019est pas responsable des politiques de confidentialit\u00e9 applicables sur les sites web de tiers, ni des contenus mis \u00e0 disposition sur ces m\u00eames sites.\n\n&nbsp;\n<h4>9. Conditions dutilisation de ce site web<\/h4>\nEn utilisant nos services, lutilisateur accepte les conditions dutilisation suivantes :\n<ol>\n\t<li>En acc\u00e9dant, naviguant ou utilisant le <em>site web<\/em> <strong>https:\/\/gapres.pt<\/strong>, l\u2019utilisateur reconna\u00eet avoir lu, compris et \u00eatre en accord avec la politique de confidentialit\u00e9. Si l\u2019utilisateur n\u2019est pas d\u2019accord avec cette politique, il ne doit pas acc\u00e9der \u00e0 ce site web ; <\/li>\n\t<li>Lutilisation de ce site rel\u00e8ve de lenti\u00e8re responsabilit\u00e9 de lutilisateur.<\/li>\n\t<li><strong>GAPRES<\/strong> est propri\u00e9taire de ce site web et, sauf indication expresse contraire, de tous ses contenus, lesquels sont prot\u00e9g\u00e9s par les normes nationales et internationales de propri\u00e9t\u00e9 industrielle et intellectuelle ;<\/li>\n\t<li>Le <em>site web<\/em> <strong>https:\/\/gapres.pt<\/strong> ne garantit pas le fonctionnement ininterrompu, opportun, s\u00e9curis\u00e9 et exempt d\u2019erreurs de ce site web ;<\/li>\n\t<li>Le <em>site web<\/em> <strong>https:\/\/gapres.pt<\/strong> permet le t\u00e9l\u00e9chargement et le stockage temporaire de contenus de ce site pour leur visualisation sur des ordinateurs personnels ou des moniteurs. Le stockage permanent ou la redistribution des contenus de notre site sont express\u00e9ment interdits sans l\u2019autorisation pr\u00e9alable de <strong>GAPRES<\/strong>. <\/li>\n<\/ol>\nTous les droits relatifs \u00e0 ce site sont r\u00e9serv\u00e9s \u00e0 <strong>https:\/\/gapres.pt<\/strong>.\n\nEn acc\u00e9dant \u00e0 notre site web, la gestion de vos donn\u00e9es est effectu\u00e9e selon les termes indiqu\u00e9s sur la page Politique relative aux cookies, ainsi que sur la page Politique de confidentialit\u00e9 et Conditions dutilisation (votre accord sappliquant aux deux). Vous pouvez acc\u00e9der \u00e0 ces pages sans limites dacc\u00e8s et avec la fr\u00e9quence que vous jugerez n\u00e9cessaire, afin de v\u00e9rifier sil y a des modifications dans nos termes et conditions, lesquelles seront publi\u00e9es sur ce site web. \t\t\t\t\t\t\t\t<\/div>\n\t\t\t\t<\/div>\n\t\t\t\t<\/div>\n\t\t\t\t\t<\/div>\n\t\t\t\t<\/div>\n\t\t\t\t<\/div>\n\t\t","protected":false},"excerpt":{"rendered":"<p>Politique de confidentialit\u00e9 Derni\u00e8re mise \u00e0 jour le : 14 janvier 2025 Qui sommes-nous ? GAPRES Site web : https:\/\/gapres.pt Localit\u00e9 : Lisbonne T\u00e9l\u00e9phone : (+351) 218 453 020 Courrier \u00e9lectronique (E-mail) : gapres@gapres.pt &nbsp; GAPRES et son site web https:\/\/gapres.pt garantissent la protection de la confidentialit\u00e9 des donn\u00e9es \u00e0 tous les utilisateurs qui y [&hellip;]<\/p>\n","protected":false},"author":1,"featured_media":0,"parent":0,"menu_order":0,"comment_status":"closed","ping_status":"closed","template":"","meta":{"footnotes":""},"class_list":["post-1264","page","type-page","status-publish","hentry"],"_links":{"self":[{"href":"https:\/\/gapres.pt\/fr\/wp-json\/wp\/v2\/pages\/1264","targetHints":{"allow":["GET"]}}],"collection":[{"href":"https:\/\/gapres.pt\/fr\/wp-json\/wp\/v2\/pages"}],"about":[{"href":"https:\/\/gapres.pt\/fr\/wp-json\/wp\/v2\/types\/page"}],"author":[{"embeddable":true,"href":"https:\/\/gapres.pt\/fr\/wp-json\/wp\/v2\/users\/1"}],"replies":[{"embeddable":true,"href":"https:\/\/gapres.pt\/fr\/wp-json\/wp\/v2\/comments?post=1264"}],"version-history":[{"count":0,"href":"https:\/\/gapres.pt\/fr\/wp-json\/wp\/v2\/pages\/1264\/revisions"}],"wp:attachment":[{"href":"https:\/\/gapres.pt\/fr\/wp-json\/wp\/v2\/media?parent=1264"}],"curies":[{"name":"wp","href":"https:\/\/api.w.org\/{rel}","templated":true}]}}