{"id":1202,"date":"2026-03-09T12:21:02","date_gmt":"2026-03-09T12:21:02","guid":{"rendered":"https:\/\/gapres.pt\/politique-de-cookies\/"},"modified":"2026-03-17T10:36:59","modified_gmt":"2026-03-17T10:36:59","slug":"politique-de-cookies","status":"publish","type":"page","link":"https:\/\/gapres.pt\/fr\/politique-de-cookies\/","title":{"rendered":"Politique de cookies"},"content":{"rendered":"\t\t<div data-elementor-type=\"wp-page\" data-elementor-id=\"1202\" class=\"elementor elementor-1202 elementor-1014\" data-elementor-post-type=\"page\">\n\t\t\t\t<div class=\"elementor-element elementor-element-1247132 e-flex e-con-boxed e-con e-parent\" data-id=\"1247132\" data-element_type=\"container\" data-e-type=\"container\" data-settings=\"{&quot;background_background&quot;:&quot;classic&quot;}\">\n\t\t\t\t\t<div class=\"e-con-inner\">\n\t\t<div class=\"elementor-element elementor-element-3147ffa e-con-full e-flex e-con e-child\" data-id=\"3147ffa\" data-element_type=\"container\" data-e-type=\"container\">\n\t\t<div class=\"elementor-element elementor-element-06e8713 e-con-full e-flex e-con e-child\" data-id=\"06e8713\" data-element_type=\"container\" data-e-type=\"container\" data-settings=\"{&quot;background_background&quot;:&quot;classic&quot;}\">\n\t\t\t\t<div class=\"elementor-element elementor-element-b9b8c83 elementor-widget elementor-widget-heading\" data-id=\"b9b8c83\" data-element_type=\"widget\" data-e-type=\"widget\" data-widget_type=\"heading.default\">\n\t\t\t\t\t<h1 class=\"elementor-heading-title elementor-size-default\">Politique de cookies<\/h1>\t\t\t\t<\/div>\n\t\t\t\t<\/div>\n\t\t<div class=\"elementor-element elementor-element-a78e161 e-con-full e-flex e-con e-child\" data-id=\"a78e161\" data-element_type=\"container\" data-e-type=\"container\">\n\t\t\t\t<\/div>\n\t\t\t\t<\/div>\n\t\t\t\t\t<\/div>\n\t\t\t\t<\/div>\n\t\t<div class=\"elementor-element elementor-element-e280352 e-flex e-con-boxed e-con e-parent\" data-id=\"e280352\" data-element_type=\"container\" data-e-type=\"container\">\n\t\t\t\t\t<div class=\"e-con-inner\">\n\t\t<div class=\"elementor-element elementor-element-770d8e3 e-con-full e-flex e-con e-child\" data-id=\"770d8e3\" data-element_type=\"container\" data-e-type=\"container\">\n\t\t<div class=\"elementor-element elementor-element-89cc11f e-con-full e-flex e-con e-child\" data-id=\"89cc11f\" data-element_type=\"container\" data-e-type=\"container\">\n\t\t\t\t<div class=\"elementor-element elementor-element-ca26480 elementor-widget elementor-widget-text-editor\" data-id=\"ca26480\" data-element_type=\"widget\" data-e-type=\"widget\" data-widget_type=\"text-editor.default\">\n\t\t\t\t\t\t\t\t\t<p><em>Derni\u00e8re mise \u00e0 jour le : 14 janvier 2025<\/em><\/p><h4>R\u00e9sum\u00e9<\/h4><p>Les pages \u00ab Politique de confidentialit\u00e9 \u00bb et \u00ab Politique de cookies \u00bb d\u00e9crivent comment <strong>https:\/\/gapres.pt<\/strong> traite les informations personnelles que vous nous fournissez en acc\u00e9dant \u00e0 ce site. La page \u00ab Politique de cookies \u00bb d\u00e9crit les cookies que nous utilisons et leurs finalit\u00e9s, comment nous les utilisons et certaines des mesures de s\u00e9curit\u00e9 pour prot\u00e9ger votre vie priv\u00e9e, ainsi que des informations sur la gestion des cookies. <strong>https:\/\/gapres.pt<\/strong> s&rsquo;engage \u00e0 garantir le respect des r\u00e9glementations relatives \u00e0 la protection des donn\u00e9es, en maintenant votre vie priv\u00e9e prot\u00e9g\u00e9e.<\/p><p> <\/p><h4>Que sont les cookies ?<\/h4><p>Les \u00ab cookies \u00bb sont de petits fichiers enregistr\u00e9s sur votre ordinateur via le navigateur, ne conservant que des informations relatives \u00e0 vos pr\u00e9f\u00e9rences et d&rsquo;autres informations utilis\u00e9es sur les pages Web, n&rsquo;incluant donc pas vos donn\u00e9es personnelles. Les cookies en eux-m\u00eames n&rsquo;identifient pas l&rsquo;utilisateur individuel, mais uniquement l&rsquo;ordinateur utilis\u00e9.<\/p><p>L&rsquo;utilisateur a la possibilit\u00e9, en toutes circonstances, de configurer son ordinateur pour accepter tous les cookies, \u00eatre notifi\u00e9 lorsqu&rsquo;un cookie est \u00e9mis ou ne pas recevoir de cookies. La m\u00e9thode peut varier selon le navigateur, vous pouvez donc consulter la section \u00ab Aide \u00bb de votre navigateur.<\/p><p> <\/p><h4>Quels cookies utilisons-nous ?<\/h4><p><strong>https:\/\/gapres.pt<\/strong> utilise des cookies, notamment pour g\u00e9rer la navigation des utilisateurs, cette gestion \u00e9tant effectu\u00e9e par le site <strong>https:\/\/gapres.pt<\/strong> lui-m\u00eame et \u00e0 des fins d&rsquo;analyse statistique, par des entit\u00e9s externes.<\/p><p>Consultez ci-dessous la liste des principaux cookies que nous utilisons :<\/p><ol><li>Google AdWords \u2013 permet d&rsquo;afficher une annonce dans les r\u00e9sultats de recherche Google de mani\u00e8re rapide et facile ;<\/li><li>Google Analytics \u2013 est l&rsquo;outil d&rsquo;analyse de Google qui aide les propri\u00e9taires de sites Web et d&rsquo;applications \u00e0 comprendre l&rsquo;engagement de leurs visiteurs avec leurs propri\u00e9t\u00e9s ;<\/li><li>Pixel Facebook \u2013 est l&rsquo;outil d&rsquo;analyse de Facebook qui aide \u00e0 mesurer l&rsquo;efficacit\u00e9 de la publicit\u00e9 ;<\/li><\/ol><p>Les autres cookies utilis\u00e9s sur notre site Web incluent les suivants : cookies des applications Google Analytics et AdWords, PHP, PHP Theme, JavaScript, WordPress et certains plugins WordPress. Ces donn\u00e9es sont g\u00e9n\u00e9riques et anonymes et sont destin\u00e9es \u00e0 permettre les fonctionnalit\u00e9s du site et de son infrastructure, la validit\u00e9 de la session de l&rsquo;utilisateur, \u00e0 augmenter l&rsquo;efficacit\u00e9 du site Web ainsi que le traitement statistique des visites aux pages.<\/p><p>En naviguant sur le site Web <strong>https:\/\/gapres.pt<\/strong>, vous consentez \u00e0 l&rsquo;utilisation des cookies. Si des modifications sont apport\u00e9es \u00e0 notre politique de confidentialit\u00e9 ou \u00e0 notre politique de cookies, ces modifications seront publi\u00e9es sur ce site.<\/p><p> <\/p><h4>Utilisation de cookies \u00e0 des fins de remarketing<\/h4><p>Les prestataires de services de <strong>https:\/\/gapres.pt<\/strong>, y compris Google, utilisent des cookies dans le but de faire la publicit\u00e9 des produits et services de <strong>https:\/\/gapres.pt<\/strong>.<\/p><p>Les cookies permettent aux prestataires de services de <strong>https:\/\/gapres.pt<\/strong>, y compris Google, de collecter des informations sur les visites ant\u00e9rieures au site <strong>https:\/\/gapres.pt<\/strong>, et, sur la base de ces informations, de pr\u00e9senter sur des sites Web tiers des annonces de <strong>https:\/\/gapres.pt<\/strong> pertinentes et correspondant aux int\u00e9r\u00eats des clients et autres visiteurs des sites <strong>https:\/\/gapres.pt<\/strong>.<\/p><p>Les clients et autres visiteurs des sites <strong>https:\/\/gapres.pt<\/strong> peuvent choisir, \u00e0 tout moment, d&rsquo;exclure l&rsquo;utilisation des cookies de Google via les Param\u00e8tres des annonces de Google.<\/p><p> <\/p><h4>Module compl\u00e9mentaire de navigateur pour la d\u00e9sactivation de Google Analytics<\/h4><p>Google a d\u00e9velopp\u00e9 le module compl\u00e9mentaire de navigateur pour la d\u00e9sactivation de Google Analytics, qui offre aux utilisateurs un meilleur contr\u00f4le sur la gestion de leurs donn\u00e9es par Google Analytics. Le module compl\u00e9mentaire communique avec le JavaScript de Google Analytics (ga.js) pour d\u00e9finir quelles donn\u00e9es sur la visite du site ne doivent pas \u00eatre transmises \u00e0 Google Analytics. Le module compl\u00e9mentaire de navigateur pour la d\u00e9sactivation de Google Analytics n&#8217;emp\u00eache pas l&rsquo;envoi de donn\u00e9es au site Web lui-m\u00eame ou \u00e0 d&rsquo;autres services d&rsquo;analyse Web.<\/p><p> <\/p><h4>Contr\u00f4le et blocage des cookies<\/h4><p>Tous les navigateurs permettent \u00e0 l&rsquo;utilisateur d&rsquo;accepter, de refuser ou de supprimer les cookies, notamment par la s\u00e9lection des param\u00e8tres appropri\u00e9s dans le navigateur concern\u00e9. Vous pouvez configurer les cookies dans le menu \u00ab options \u00bb ou \u00ab pr\u00e9f\u00e9rences \u00bb de votre navigateur. Si vous acceptez les cookies, ils peuvent rester sur votre ordinateur pendant de nombreuses ann\u00e9es, \u00e0 moins que vous ne les supprimiez.<\/p><p>Notez toutefois que la d\u00e9sactivation des cookies peut emp\u00eacher certains services Web de fonctionner correctement, affectant partiellement ou totalement la navigation sur le site Web. Pour en savoir plus sur les cookies, y compris comment voir quels cookies ont \u00e9t\u00e9 cr\u00e9\u00e9s et comment les g\u00e9rer et les supprimer, visitez www.allaboutcookies.org qui inclut des informations sur la gestion de vos param\u00e8tres pour les diff\u00e9rents fournisseurs de navigateurs.<\/p>\t\t\t\t\t\t\t\t<\/div>\n\t\t\t\t<\/div>\n\t\t\t\t<\/div>\n\t\t\t\t\t<\/div>\n\t\t\t\t<\/div>\n\t\t\t\t<\/div>\n\t\t","protected":false},"excerpt":{"rendered":"<p>Politique de cookies Derni\u00e8re mise \u00e0 jour le : 14 janvier 2025 R\u00e9sum\u00e9 Les pages \u00ab Politique de confidentialit\u00e9 \u00bb et \u00ab Politique de cookies \u00bb d\u00e9crivent comment https:\/\/gapres.pt traite les informations personnelles que vous nous fournissez en acc\u00e9dant \u00e0 ce site. La page \u00ab Politique de cookies \u00bb d\u00e9crit les cookies que nous utilisons [&hellip;]<\/p>\n","protected":false},"author":1,"featured_media":0,"parent":0,"menu_order":0,"comment_status":"closed","ping_status":"closed","template":"","meta":{"footnotes":""},"class_list":["post-1202","page","type-page","status-publish","hentry"],"_links":{"self":[{"href":"https:\/\/gapres.pt\/fr\/wp-json\/wp\/v2\/pages\/1202","targetHints":{"allow":["GET"]}}],"collection":[{"href":"https:\/\/gapres.pt\/fr\/wp-json\/wp\/v2\/pages"}],"about":[{"href":"https:\/\/gapres.pt\/fr\/wp-json\/wp\/v2\/types\/page"}],"author":[{"embeddable":true,"href":"https:\/\/gapres.pt\/fr\/wp-json\/wp\/v2\/users\/1"}],"replies":[{"embeddable":true,"href":"https:\/\/gapres.pt\/fr\/wp-json\/wp\/v2\/comments?post=1202"}],"version-history":[{"count":0,"href":"https:\/\/gapres.pt\/fr\/wp-json\/wp\/v2\/pages\/1202\/revisions"}],"wp:attachment":[{"href":"https:\/\/gapres.pt\/fr\/wp-json\/wp\/v2\/media?parent=1202"}],"curies":[{"name":"wp","href":"https:\/\/api.w.org\/{rel}","templated":true}]}}