{"id":1261,"date":"2026-03-09T12:21:02","date_gmt":"2026-03-09T12:21:02","guid":{"rendered":"https:\/\/gapres.pt\/politica-de-cookies\/"},"modified":"2026-03-17T10:37:50","modified_gmt":"2026-03-17T10:37:50","slug":"politica-de-cookies","status":"publish","type":"page","link":"https:\/\/gapres.pt\/es\/politica-de-cookies\/","title":{"rendered":"Pol\u00edtica de cookies"},"content":{"rendered":"\t\t<div data-elementor-type=\"wp-page\" data-elementor-id=\"1261\" class=\"elementor elementor-1261 elementor-1014\" data-elementor-post-type=\"page\">\n\t\t\t\t<div class=\"elementor-element elementor-element-1247132 e-flex e-con-boxed e-con e-parent\" data-id=\"1247132\" data-element_type=\"container\" data-e-type=\"container\" data-settings=\"{&quot;background_background&quot;:&quot;classic&quot;}\">\n\t\t\t\t\t<div class=\"e-con-inner\">\n\t\t<div class=\"elementor-element elementor-element-3147ffa e-con-full e-flex e-con e-child\" data-id=\"3147ffa\" data-element_type=\"container\" data-e-type=\"container\">\n\t\t<div class=\"elementor-element elementor-element-06e8713 e-con-full e-flex e-con e-child\" data-id=\"06e8713\" data-element_type=\"container\" data-e-type=\"container\" data-settings=\"{&quot;background_background&quot;:&quot;classic&quot;}\">\n\t\t\t\t<div class=\"elementor-element elementor-element-b9b8c83 elementor-widget elementor-widget-heading\" data-id=\"b9b8c83\" data-element_type=\"widget\" data-e-type=\"widget\" data-widget_type=\"heading.default\">\n\t\t\t\t\t<h1 class=\"elementor-heading-title elementor-size-default\">Pol\u00edtica de cookies<\/h1>\t\t\t\t<\/div>\n\t\t\t\t<\/div>\n\t\t<div class=\"elementor-element elementor-element-a78e161 e-con-full e-flex e-con e-child\" data-id=\"a78e161\" data-element_type=\"container\" data-e-type=\"container\">\n\t\t\t\t<\/div>\n\t\t\t\t<\/div>\n\t\t\t\t\t<\/div>\n\t\t\t\t<\/div>\n\t\t<div class=\"elementor-element elementor-element-e280352 e-flex e-con-boxed e-con e-parent\" data-id=\"e280352\" data-element_type=\"container\" data-e-type=\"container\">\n\t\t\t\t\t<div class=\"e-con-inner\">\n\t\t<div class=\"elementor-element elementor-element-770d8e3 e-con-full e-flex e-con e-child\" data-id=\"770d8e3\" data-element_type=\"container\" data-e-type=\"container\">\n\t\t<div class=\"elementor-element elementor-element-89cc11f e-con-full e-flex e-con e-child\" data-id=\"89cc11f\" data-element_type=\"container\" data-e-type=\"container\">\n\t\t\t\t<div class=\"elementor-element elementor-element-ca26480 elementor-widget elementor-widget-text-editor\" data-id=\"ca26480\" data-element_type=\"widget\" data-e-type=\"widget\" data-widget_type=\"text-editor.default\">\n\t\t\t\t\t\t\t\t\t<p><em>\u00daltima actualizaci\u00f3n: 14 de enero de 2025<\/em><\/p><h4>Resumen<\/h4><p>Las p\u00e1ginas \u201cPol\u00edtica de privacidad\u201d y \u201cPol\u00edtica de cookies\u201d describen c\u00f3mo <strong>https:\/\/gapres.pt<\/strong> trata la informaci\u00f3n personal que nos proporcionas al acceder a este sitio. La p\u00e1gina \u201cPol\u00edtica de cookies\u201d describe qu\u00e9 cookies usamos y sus finalidades, c\u00f3mo las usamos y algunas de las medidas de seguridad para proteger tu privacidad, as\u00ed como informaci\u00f3n sobre la gesti\u00f3n de cookies. <strong>https:\/\/gapres.pt<\/strong> se compromete a garantizar el cumplimiento de la normativa de la Ley de Protecci\u00f3n de Datos, manteniendo tu privacidad protegida.<\/p><p> <\/p><h4>\u00bfQu\u00e9 son las cookies?<\/h4><p>Las \u201ccookies\u201d son peque\u00f1os archivos guardados en tu ordenador a trav\u00e9s del navegador (browser), que solo conservan informaci\u00f3n relacionada con tus preferencias y otra informaci\u00f3n utilizada en p\u00e1ginas web, sin incluir, por tanto, tus datos personales. Las cookies en s\u00ed no identifican al usuario individual, solo el ordenador utilizado.<\/p><p>El usuario tiene la posibilidad de, en cualquier circunstancia, configurar su ordenador para aceptar todas las cookies, que se le notifique cuando se emite una cookie o no recibir cookies. El m\u00e9todo puede variar seg\u00fan el navegador (browser), por lo que puedes consultar la secci\u00f3n de \u201cAyuda\u201d de tu navegador (browser).<\/p><p> <\/p><h4>\u00bfQu\u00e9 cookies utilizamos?<\/h4><p><strong>https:\/\/gapres.pt<\/strong> utiliza cookies, en particular, para gestionar la navegaci\u00f3n de los usuarios, gesti\u00f3n que realiza el propio sitio <strong>https:\/\/gapres.pt<\/strong>, y, a efectos de an\u00e1lisis estad\u00edstico, por entidades externas.<\/p><p>Consulta a continuaci\u00f3n la lista de las principales cookies que usamos:<\/p><ol><li>Google Adwords: permite mostrar un anuncio en los resultados de b\u00fasqueda de Google de forma r\u00e1pida y sencilla;<\/li><li>Google Analytics: es la herramienta de an\u00e1lisis de Google que ayuda a los propietarios de sitios web y de aplicaciones a entender la interacci\u00f3n de sus visitantes con sus propiedades;<\/li><li>Pixel de Facebook: es la herramienta de an\u00e1lisis de Facebook que ayuda a medir la eficacia de la publicidad;<\/li><\/ol><p>Otros cookies utilizados en nuestro sitio web incluyen los siguientes: cookies de las aplicaciones Google Analytics y Adwords, PHP, tema PHP, JavaScript, WordPress y algunos plugins de WordPress. Estos datos son gen\u00e9ricos y an\u00f3nimos y tienen como finalidad permitir las funcionalidades del sitio y de su infraestructura, la validez de la sesi\u00f3n del usuario, aumentar la eficiencia del sitio web, as\u00ed como el tratamiento estad\u00edstico de las visitas a las p\u00e1ginas.<\/p><p>Al navegar por el sitio web <strong>https:\/\/gapres.pt<\/strong> estar\u00e1s consintiendo el uso de cookies. Si se producen cambios en nuestra pol\u00edtica de privacidad o pol\u00edtica de cookies, dichos cambios se publicar\u00e1n en este sitio.<\/p><p> <\/p><h4>Uso de cookies con la finalidad de remarketing<\/h4><p>Los proveedores de servicios de <strong>https:\/\/gapres.pt<\/strong>, incluido Google, utilizan cookies con el objetivo de publicitar los productos y servicios de <strong>https:\/\/gapres.pt<\/strong>.<\/p><p>Las cookies permiten a los proveedores de servicios de <strong>https:\/\/gapres.pt<\/strong>, incluido Google, recopilar informaci\u00f3n sobre visitas anteriores al sitio <strong>https:\/\/gapres.pt<\/strong> y, en base a esa informaci\u00f3n, mostrar en sitios web de terceros anuncios de <strong>https:\/\/gapres.pt<\/strong> relevantes y de inter\u00e9s para los clientes y dem\u00e1s visitantes de los sitios <strong>https:\/\/gapres.pt<\/strong>.<\/p><p>Los clientes y dem\u00e1s visitantes de los sitios <strong>https:\/\/gapres.pt<\/strong> pueden optar, en cualquier momento, por excluir el uso de cookies de Google a trav\u00e9s de la Configuraci\u00f3n de anuncios de Google.<\/p><p> <\/p><h4>Complemento de inhabilitaci\u00f3n para navegadores de Google Analytics<\/h4><p>Google desarroll\u00f3 el Complemento de inhabilitaci\u00f3n para navegadores de Google Analytics, que ofrece a los usuarios un mayor control sobre la gesti\u00f3n de sus datos por parte de Google Analytics. El complemento se comunica con el JavaScript de Google Analytics (ga.js) para indicar qu\u00e9 datos sobre la visita al sitio no deben transmitirse a Google Analytics. El Complemento de inhabilitaci\u00f3n para navegadores de Google Analytics no impide el env\u00edo de datos al propio sitio web ni a otros servicios de an\u00e1lisis web.<\/p><p> <\/p><h4>Control y bloqueo de cookies<\/h4><p>Todos los navegadores (browsers) permiten al usuario aceptar, rechazar o eliminar cookies, en particular mediante la selecci\u00f3n de los ajustes apropiados en el navegador correspondiente. Puedes configurar las cookies en el men\u00fa \u201copciones\u201d o \u201cpreferencias\u201d de tu navegador. Si aceptas cookies, pueden permanecer en tu ordenador durante muchos a\u00f1os, a menos que las elimines.<\/p><p>Ten en cuenta, no obstante, que al desactivar las cookies puedes impedir que algunos servicios web funcionen correctamente, afectando parcial o totalmente a la navegaci\u00f3n en el sitio web. Para saber m\u00e1s sobre las cookies, incluida la forma de ver qu\u00e9 cookies se han creado y c\u00f3mo gestionarlas y eliminarlas, visita www.allaboutcookies.org, que incluye informaci\u00f3n sobre c\u00f3mo gestionar tus ajustes para los distintos proveedores de navegadores.<\/p>\t\t\t\t\t\t\t\t<\/div>\n\t\t\t\t<\/div>\n\t\t\t\t<\/div>\n\t\t\t\t\t<\/div>\n\t\t\t\t<\/div>\n\t\t\t\t<\/div>\n\t\t","protected":false},"excerpt":{"rendered":"<p>Pol\u00edtica de cookies \u00daltima actualizaci\u00f3n: 14 de enero de 2025 Resumen Las p\u00e1ginas \u201cPol\u00edtica de privacidad\u201d y \u201cPol\u00edtica de cookies\u201d describen c\u00f3mo https:\/\/gapres.pt trata la informaci\u00f3n personal que nos proporcionas al acceder a este sitio. La p\u00e1gina \u201cPol\u00edtica de cookies\u201d describe qu\u00e9 cookies usamos y sus finalidades, c\u00f3mo las usamos y algunas de las medidas [&hellip;]<\/p>\n","protected":false},"author":1,"featured_media":0,"parent":0,"menu_order":0,"comment_status":"closed","ping_status":"closed","template":"","meta":{"footnotes":""},"class_list":["post-1261","page","type-page","status-publish","hentry"],"_links":{"self":[{"href":"https:\/\/gapres.pt\/es\/wp-json\/wp\/v2\/pages\/1261","targetHints":{"allow":["GET"]}}],"collection":[{"href":"https:\/\/gapres.pt\/es\/wp-json\/wp\/v2\/pages"}],"about":[{"href":"https:\/\/gapres.pt\/es\/wp-json\/wp\/v2\/types\/page"}],"author":[{"embeddable":true,"href":"https:\/\/gapres.pt\/es\/wp-json\/wp\/v2\/users\/1"}],"replies":[{"embeddable":true,"href":"https:\/\/gapres.pt\/es\/wp-json\/wp\/v2\/comments?post=1261"}],"version-history":[{"count":0,"href":"https:\/\/gapres.pt\/es\/wp-json\/wp\/v2\/pages\/1261\/revisions"}],"wp:attachment":[{"href":"https:\/\/gapres.pt\/es\/wp-json\/wp\/v2\/media?parent=1261"}],"curies":[{"name":"wp","href":"https:\/\/api.w.org\/{rel}","templated":true}]}}