{"id":1248,"date":"2026-03-09T12:16:31","date_gmt":"2026-03-09T12:16:31","guid":{"rendered":"https:\/\/gapres.pt\/politica-de-privacidad\/"},"modified":"2026-03-17T10:37:33","modified_gmt":"2026-03-17T10:37:33","slug":"politica-de-privacidad","status":"publish","type":"page","link":"https:\/\/gapres.pt\/es\/politica-de-privacidad\/","title":{"rendered":"Pol\u00edtica de Privacidad"},"content":{"rendered":"\t\t<div data-elementor-type=\"wp-page\" data-elementor-id=\"1248\" class=\"elementor elementor-1248 elementor-1008\" data-elementor-post-type=\"page\">\n\t\t\t\t<div class=\"elementor-element elementor-element-1247132 e-flex e-con-boxed e-con e-parent\" data-id=\"1247132\" data-element_type=\"container\" data-e-type=\"container\" data-settings=\"{&quot;background_background&quot;:&quot;classic&quot;}\">\n\t\t\t\t\t<div class=\"e-con-inner\">\n\t\t<div class=\"elementor-element elementor-element-3147ffa e-con-full e-flex e-con e-child\" data-id=\"3147ffa\" data-element_type=\"container\" data-e-type=\"container\">\n\t\t<div class=\"elementor-element elementor-element-06e8713 e-con-full e-flex e-con e-child\" data-id=\"06e8713\" data-element_type=\"container\" data-e-type=\"container\" data-settings=\"{&quot;background_background&quot;:&quot;classic&quot;}\">\n\t\t\t\t<div class=\"elementor-element elementor-element-b9b8c83 elementor-widget elementor-widget-heading\" data-id=\"b9b8c83\" data-element_type=\"widget\" data-e-type=\"widget\" data-widget_type=\"heading.default\">\n\t\t\t\t\t<h1 class=\"elementor-heading-title elementor-size-default\">Pol\u00edtica de Privacidad<\/h1>\t\t\t\t<\/div>\n\t\t\t\t<\/div>\n\t\t<div class=\"elementor-element elementor-element-a78e161 e-con-full e-flex e-con e-child\" data-id=\"a78e161\" data-element_type=\"container\" data-e-type=\"container\">\n\t\t\t\t<\/div>\n\t\t\t\t<\/div>\n\t\t\t\t\t<\/div>\n\t\t\t\t<\/div>\n\t\t<div class=\"elementor-element elementor-element-e280352 e-flex e-con-boxed e-con e-parent\" data-id=\"e280352\" data-element_type=\"container\" data-e-type=\"container\">\n\t\t\t\t\t<div class=\"e-con-inner\">\n\t\t<div class=\"elementor-element elementor-element-770d8e3 e-con-full e-flex e-con e-child\" data-id=\"770d8e3\" data-element_type=\"container\" data-e-type=\"container\">\n\t\t<div class=\"elementor-element elementor-element-89cc11f e-con-full e-flex e-con e-child\" data-id=\"89cc11f\" data-element_type=\"container\" data-e-type=\"container\">\n\t\t\t\t<div class=\"elementor-element elementor-element-ca26480 elementor-widget elementor-widget-text-editor\" data-id=\"ca26480\" data-element_type=\"widget\" data-e-type=\"widget\" data-widget_type=\"text-editor.default\">\n\t\t\t\t\t\t\t\t\t<em>\u00daltima actualizaci\u00f3n: 14 de enero de 2025<\/em>\n<h4>\u00bfQui\u00e9nes somos?<\/h4>\n<strong>GAPRES<\/strong>\n\n<em>Sitio web<\/em>: https:\/\/gapres.pt\n\n<em>Localidad<\/em>: Lisboa\n\n<em>Tel\u00e9fono<\/em>: <a href=\"tel:+351218453020\">(+351) 218 453 020<\/a>\n\n<em>Correo electr\u00f3nico (Email)<\/em>: <a href=\"mailto:gapres@gapres.pt\">gapres@gapres.pt<\/a>\n\n&nbsp;\n\n<strong>GAPRES<\/strong> y su <em>sitio web<\/em> <strong>https:\/\/gapres.pt<\/strong> garantizan la protecci\u00f3n de la privacidad de datos a todos los usuarios que acceden en l\u00ednea. Para ello, se ha elaborado la presente Pol\u00edtica de Privacidad. \n\nLee atentamente esta Pol\u00edtica de Privacidad relativa al mantenimiento y gesti\u00f3n de informaci\u00f3n personal, para que puedas dar tu consentimiento impl\u00edcito y\/o expl\u00edcito para autorizar el tratamiento de dicha informaci\u00f3n.\n\nNuestra pol\u00edtica ha sido preparada de acuerdo con el nuevo Reglamento General de Protecci\u00f3n de Datos (RGPD), que entr\u00f3 en vigor el 25 de mayo de 2018, y adopta las mejores pr\u00e1cticas de protecci\u00f3n de datos personales y seguridad, buscando lo mejor para nuestros usuarios. Esta medida se aplica a todas las empresas activas en la UE, independientemente de su ubicaci\u00f3n. \n\nEl <em>sitio web<\/em> <strong>https:\/\/gapres.pt<\/strong> se reserva el derecho de, en cualquier momento, proceder a modificaciones de la presente pol\u00edtica de privacidad, teniendo en cuenta las modificaciones del Reglamento General de Protecci\u00f3n de Datos, siendo cierto que tales modificaciones ser\u00e1n debidamente publicadas en la presente p\u00e1gina (\u00abPol\u00edtica de Privacidad\u00bb), as\u00ed como en la p\u00e1gina \u00abPol\u00edtica de Cookies\u00bb.\n\nLa versi\u00f3n publicada en el presente sitio web es la que se encuentra actualizada y actualmente en vigor.\n\nPara otras informaciones generales sobre la ley consulta por favor: <a href=\"https:\/\/www.cnpd.pt\/bin\/rgpd\/rgpd.htm\" target=\"_blank\" rel=\"noopener\">https:\/\/www.cnpd.pt\/bin\/rgpd\/rgpd.htm<\/a>\n\nConsulta tambi\u00e9n nuestra <a href=\"https:\/\/gapres.pt\/politica-de-cookies\/\">pol\u00edtica de cookies<\/a>.\n\n&nbsp;\n<h4>1. Datos personales y qu\u00e9 recopila este sitio web<\/h4>\nLos datos personales representan cualquier informaci\u00f3n, de un individuo identificado o identificable, de cualquier naturaleza e independientemente del tipo de soporte. Todos los datos personales recopilados son enviados de forma voluntaria y objetiva por los usuarios, y se destinan exclusivamente a ser utilizados por el <em>sitio web<\/em> <strong>https:\/\/gapres.pt<\/strong>, por lo que se garantiza su respectiva privacidad y protecci\u00f3n. \n\nDatos personales que hayan sido descaracterizados, codificados o anonimizados, pero que puedan ser utilizados para volver a identificar a una persona, contin\u00faan siendo datos personales y est\u00e1n incluidos en el \u00e1mbito de aplicaci\u00f3n del RGPD.\n\nDatos personales que hayan sido anonimizados de modo que la persona no sea o deje de ser identificable dejan de considerarse datos personales. Para que los datos sean verdaderamente anonimizados, la anonimizaci\u00f3n tiene que ser irreversible. \n\nEl presente <em>sitio web<\/em> <strong>https:\/\/gapres.pt<\/strong> podr\u00e1 recopilar la siguiente informaci\u00f3n personal a trav\u00e9s de sus campos de suscripci\u00f3n (newsletters) o formularios de contacto: nombre, tel\u00e9fono, email y empresa representada. Estos datos ser\u00e1n utilizados exclusivamente por <strong>GAPRES<\/strong> para los servicios disponibles y\/o accesibles a trav\u00e9s del <em>sitio web<\/em> <strong>https:\/\/gapres.pt<\/strong>. \n\nOtros datos recopilados, en este caso autom\u00e1ticamente, est\u00e1n detallados en la pol\u00edtica de cookies.\n\nPara aumentar la eficacia de las p\u00e1ginas de este sitio web se recopilan a veces tambi\u00e9n informaciones de navegaci\u00f3n tales como el tipo de navegador utilizado, la zona geogr\u00e1fica, el n\u00famero de clics o tiempo de permanencia por p\u00e1gina. Estas informaciones son gen\u00e9ricas y Google no asociar\u00e1 estos datos ni tu direcci\u00f3n IP con otros datos personales identificables. Consulta m\u00e1s en nuestra pol\u00edtica de cookies.  \n\n&nbsp;\n<h4>2. Finalidad del tratamiento de datos personales<\/h4>\nLos datos personales recopilados en este sitio no ser\u00e1n en ning\u00fan caso facilitados, vendidos, compartidos o revelados a terceros, ni utilizados para otros fines que no sean aquellos que se describen en los acuerdos presentes en el sitio, concretamente para el tratamiento de solicitudes de presupuesto, propuestas de servicio y respuesta a solicitudes de informaci\u00f3n y presupuesto, tratamiento interno de dichas solicitudes y newsletters promocionales ocasionales. En estas condiciones, el usuario al rellenar cualquier formulario de contacto en el sitio web y elegir la opci\u00f3n enviar est\u00e1 dando consentimiento previo y expreso para estos fines. \n\nEn cualquier momento que el usuario decida no recibir\/enviar m\u00e1s informaci\u00f3n, deber\u00e1 contactarnos e informarnos.\n\n&nbsp;\n<h4>3. Responsable del tratamiento de datos personales<\/h4>\n<strong>GAPRES<\/strong>, ubicada en <em>Lisboa<\/em>, es la entidad responsable de la recopilaci\u00f3n y tratamiento de los datos personales para las finalidades indicadas en esta pol\u00edtica. Un elemento responsable encargado de la protecci\u00f3n y seguridad de los datos ha sido determinado internamente por nuestra empresa (gestor de datos). \n\n&nbsp;\n<h4>4. Conservaci\u00f3n de datos personales<\/h4>\nLos datos personales son guardados y conservados, seg\u00fan las finalidades mencionadas anteriormente, por un per\u00edodo de tiempo relativo a ese objetivo.\n\nDatos personales cuya finalidad sigue el env\u00edo de propuestas de servicios (o de presupuestos e informaciones relativas a nuevos productos y\/o servicios) de <strong>GAPRES<\/strong> ser\u00e1n guardados por el per\u00edodo de 1 (un) a\u00f1o tras el \u00faltimo contacto.\n\nEn casos puntuales, datos personales (como el nombre y empresa) podr\u00e1n permanecer conservados si el propietario de los mismos as\u00ed lo permite. No obstante, el usuario podr\u00e1, en cualquier momento, solicitar que tales datos sean retirados, seg\u00fan el derecho presente en el punto 5 de la presente Pol\u00edtica de Privacidad, referido a continuaci\u00f3n. \n\n&nbsp;\n<h4>5. Derecho de acceso, rectificaci\u00f3n, eliminaci\u00f3n, limitaci\u00f3n del tratamiento y portabilidad de los datos personales<\/h4>\nEn cualquier momento, el usuario tiene el derecho de acceder a sus datos personales, as\u00ed como a su rectificaci\u00f3n, exportaci\u00f3n, consulta, exclusi\u00f3n u olvido, portabilidad, delimitaci\u00f3n y\/o oposici\u00f3n al tratamiento de datos. En este sentido, podr\u00e1 ponerse en contacto con <strong>GAPRES<\/strong> a trav\u00e9s de la direcci\u00f3n electr\u00f3nica <a href=\"mailto:gapres@gapres.pt\">gapres@gapres.pt<\/a>, dirigi\u00e9ndose por escrito a la direcci\u00f3n de la sede o a trav\u00e9s del tel\u00e9fono <a href=\"tel:+351218%20453%20020\">(+351) 218 453 020<\/a>.  El usuario podr\u00e1 igualmente presentar las reclamaciones que considere necesarias ante la autoridad indicada para tal efecto.\n\nSi observas que la informaci\u00f3n en la presente pol\u00edtica de privacidad no est\u00e1 satisfactoriamente esclarecedora y\/o clara, o por cualquier otro criterio que consideres relevante, no dudes en ponerte en contacto a trav\u00e9s de la direcci\u00f3n electr\u00f3nica: <a href=\"mailto:gapres@gapres.pt\">gapres@gapres.pt<\/a>. <strong>GAPRES<\/strong> concede tambi\u00e9n al usuario el derecho de transmitir sus datos personales que almacena a otro proveedor de servicios a designar por el usuario.\n\n&nbsp;\n<h4>6. Seguridad en el tratamiento de datos personales<\/h4>\nLos datos personales ser\u00e1n procesados y almacenados inform\u00e1ticamente y, en casos puntuales, en soporte de papel.\n\nEl <em>sitio web<\/em> <strong>https:\/\/gapres.pt<\/strong> asume la responsabilidad de garantizar la protecci\u00f3n y seguridad de los datos que nos env\u00edas a trav\u00e9s del sitio web, habiendo adoptado las medidas adecuadas necesarias, concretamente: (i) protecci\u00f3n con contrase\u00f1as, (ii) utilizaci\u00f3n de certificaciones digitales, (iii) restricciones de entrada f\u00edsica a los lugares donde los servidores de almacenamiento de datos personales se encuentran ubicados; (iv) firewalls, (v) comunicaci\u00f3n segura v\u00eda protocolo https y (vi) software profesional adecuado. Las mismas medidas de seguridad mencionadas anteriormente son revisadas y actualizadas seg\u00fan las necesidades y exigencias de estas materias.\n\nNo obstante, adem\u00e1s de las medidas del <em>sitio web<\/em> <strong>https:\/\/gapres.pt<\/strong>, se debe informar y llamar la atenci\u00f3n de los usuarios, que deber\u00e1n, tambi\u00e9n, adoptar medidas adicionales de seguridad, como asegurar la existencia de un firewall activo, antivirus y anti-spyware actualizados y l\u00edcitos.\n\nEn caso de que se verifique una violaci\u00f3n de la seguridad que provoque, de modo accidental o il\u00edcito, la eliminaci\u00f3n, la p\u00e9rdida, la modificaci\u00f3n, la propagaci\u00f3n o el acceso no autorizados de los datos personales, el <em>sitio web<\/em> <strong>https:\/\/gapres.pt<\/strong> se compromete, en los t\u00e9rminos de la legislaci\u00f3n aplicable, a comunicar a las autoridades competentes, siempre que sea posible, hasta 72 horas despu\u00e9s de reconocer tal ocurrencia y sin demora justificada. En tales casos, <strong>GAPRES<\/strong> comunicar\u00e1 la violaci\u00f3n de los datos personales al respectivo titular de los datos, en conformidad con la legislaci\u00f3n as\u00ed como a la CNPD (Comisi\u00f3n Nacional de Protecci\u00f3n de Datos).\n\n<strong>GAPRES<\/strong> no facilitar\u00e1 ni subcontratar\u00e1 ninguna entidad tercera para procesar tus datos personales.\n\n&nbsp;\n<h4>7. Derecho al olvido<\/h4>\nEl titular de los datos personales tiene el derecho de obtener la eliminaci\u00f3n de sus datos personales, del responsable de la gesti\u00f3n de los mismos que, a su vez, tendr\u00e1 la obligaci\u00f3n de cumplir lo solicitado, siempre que sea aplicable uno de los siguientes motivos: (i) los datos dejaron de ser relevantes para el objetivo que motiv\u00f3 su recopilaci\u00f3n o tratamiento; (ii) el titular retira el consentimiento, cuando el consentimiento es la base legal o el titular se opone al tratamiento y no existen intereses leg\u00edtimos prevalecientes que justifiquen su permanencia.\n\n&nbsp;\n<h4>8. Acceso a redes sociales y a sitios web de terceros<\/h4>\nLa pol\u00edtica de privacidad presente no es aplicable al usuario si accede a sitios web de terceros. En este caso, siempre que visites otro sitio web a partir de este, antes de facilitar tus datos personales, deber\u00e1s siempre leer la pol\u00edtica de privacidad aplicable a dicho sitio web y verificar si est\u00e1s de acuerdo con sus t\u00e9rminos.\n\nExisten enlaces en nuestro sitio a redes sociales. Al hacer clic en estos enlaces podr\u00e1s enviar datos estad\u00edsticos a estas empresas y a <a href=\"https:\/\/policies.google.com\/privacy?hl=pt-PT\" target=\"_blank\" rel=\"noopener\">Google Analytics<\/a>. M\u00e1s informaci\u00f3n sobre la privacidad de datos puede accederse en los sitios de las respectivas redes sociales: <a href=\"https:\/\/www.facebook.com\" target=\"_blank\" rel=\"noopener\">Facebook<\/a>, <a href=\"https:\/\/www.linkedin.com\" target=\"_blank\" rel=\"noopener\">Linkedin<\/a>, <a href=\"https:\/\/www.instagram.com\" target=\"_blank\" rel=\"noopener\">Instagram<\/a>.\n\nEl <em>sitio web<\/em> <strong>https:\/\/gapres.pt<\/strong> no se encarga ni responsabiliza de las pol\u00edticas de privacidad aplicables en los sitios web de terceros, ni de los contenidos disponibles en dichos sitios web.\n\n&nbsp;\n<h4>9. T\u00e9rminos de utilizaci\u00f3n de este sitio web<\/h4>\nAl utilizar nuestros servicios, el usuario est\u00e1 aceptando los siguientes t\u00e9rminos de utilizaci\u00f3n:\n<ol>\n\t<li>Al acceder, navegar o utilizar el <em>sitio web<\/em> <strong>https:\/\/gapres.pt<\/strong>, el usuario reconoce que ha le\u00eddo, comprendido y est\u00e1 de acuerdo con la Pol\u00edtica de Privacidad. Si el usuario no est\u00e1 de acuerdo con esta pol\u00edtica, no deber\u00e1 acceder a este sitio web;<\/li>\n\t<li>La utilizaci\u00f3n de este sitio es de entera responsabilidad del usuario.<\/li>\n\t<li><strong>GAPRES<\/strong> es propietario de este sitio web y, excepto que haya indicaci\u00f3n expresa de lo contrario, de todos sus contenidos, los cuales se encuentran protegidos por las normas nacionales e internacionales de propiedad industrial e intelectual;<\/li>\n\t<li>El <em>sitio web<\/em> <strong>https:\/\/gapres.pt<\/strong> no garantiza el funcionamiento ininterrumpido, oportuno, seguro y exento de errores de este sitio web;<\/li>\n\t<li>El <em>sitio web<\/em> <strong>https:\/\/gapres.pt<\/strong> permite la transferencia y almacenamiento temporal de contenidos de este sitio para visualizaci\u00f3n de los mismos en ordenadores personales o monitores. Almacenar por tiempo permanente o redistribuir los contenidos de nuestro sitio est\u00e1n expresamente prohibidos sin el permiso anticipado de <strong>GAPRES<\/strong>.<\/li>\n<\/ol>\nTodos los derechos relacionados con este sitio est\u00e1n reservados a <strong>https:\/\/gapres.pt<\/strong>.\n\nAl acceder a nuestro sitio web, la gesti\u00f3n de tus datos se efect\u00faa seg\u00fan los t\u00e9rminos indicados en la p\u00e1gina Pol\u00edtica de Cookies, as\u00ed como en la p\u00e1gina Pol\u00edtica de Privacidad y T\u00e9rminos de Utilizaci\u00f3n (aplicando tu acuerdo a ambas). Puedes acceder a esas p\u00e1ginas sin l\u00edmites de acceso y con la frecuencia que consideres necesaria, de forma a verificar si hay modificaciones en nuestros t\u00e9rminos y condiciones, las cuales ser\u00e1n publicadas en este sitio web.\t\t\t\t\t\t\t\t<\/div>\n\t\t\t\t<\/div>\n\t\t\t\t<\/div>\n\t\t\t\t\t<\/div>\n\t\t\t\t<\/div>\n\t\t\t\t<\/div>\n\t\t","protected":false},"excerpt":{"rendered":"<p>Pol\u00edtica de Privacidad \u00daltima actualizaci\u00f3n: 14 de enero de 2025 \u00bfQui\u00e9nes somos? GAPRES Sitio web: https:\/\/gapres.pt Localidad: Lisboa Tel\u00e9fono: (+351) 218 453 020 Correo electr\u00f3nico (Email): gapres@gapres.pt &nbsp; GAPRES y su sitio web https:\/\/gapres.pt garantizan la protecci\u00f3n de la privacidad de datos a todos los usuarios que acceden en l\u00ednea. Para ello, se ha elaborado [&hellip;]<\/p>\n","protected":false},"author":1,"featured_media":0,"parent":0,"menu_order":0,"comment_status":"closed","ping_status":"closed","template":"","meta":{"footnotes":""},"class_list":["post-1248","page","type-page","status-publish","hentry"],"_links":{"self":[{"href":"https:\/\/gapres.pt\/es\/wp-json\/wp\/v2\/pages\/1248","targetHints":{"allow":["GET"]}}],"collection":[{"href":"https:\/\/gapres.pt\/es\/wp-json\/wp\/v2\/pages"}],"about":[{"href":"https:\/\/gapres.pt\/es\/wp-json\/wp\/v2\/types\/page"}],"author":[{"embeddable":true,"href":"https:\/\/gapres.pt\/es\/wp-json\/wp\/v2\/users\/1"}],"replies":[{"embeddable":true,"href":"https:\/\/gapres.pt\/es\/wp-json\/wp\/v2\/comments?post=1248"}],"version-history":[{"count":0,"href":"https:\/\/gapres.pt\/es\/wp-json\/wp\/v2\/pages\/1248\/revisions"}],"wp:attachment":[{"href":"https:\/\/gapres.pt\/es\/wp-json\/wp\/v2\/media?parent=1248"}],"curies":[{"name":"wp","href":"https:\/\/api.w.org\/{rel}","templated":true}]}}